{"id":13824,"date":"2025-10-09T09:50:33","date_gmt":"2025-10-09T09:50:33","guid":{"rendered":"http:\/\/hexexist.com\/product\/embedpress-pdf-embedder-youtube-videolari-3d-flipbook-sosyal-beslemeler-dokumanlar-ve-daha-fazlasini-gomun\/"},"modified":"2025-10-09T09:50:33","modified_gmt":"2025-10-09T09:50:33","slug":"embedpress-pdf-embedder-youtube-videolari-3d-flipbook-sosyal-beslemeler-dokumanlar-ve-daha-fazlasini-gomun","status":"publish","type":"product","link":"https:\/\/hexexist.com\/tr\/urun\/embedpress-pdf-embedder-youtube-videolari-3d-flipbook-sosyal-beslemeler-dokumanlar-ve-daha-fazlasini-gomun\/","title":{"rendered":"EmbedPress PDF Embedder, YouTube Videolar\u0131, 3D FlipBook, Sosyal beslemeler, Dok\u00fcmanlar ve daha fazlas\u0131n\u0131 g\u00f6m\u00fcn"},"content":{"rendered":"<p>EmbedPress s\u0131n\u0131rs\u0131z kaynaktan g\u00f6mme: 3D flipbook g\u00f6r\u00fcnt\u00fcleyici ile PDF g\u00f6m\u00fcn, YouTube, sosyal beslemeler, Google Dok\u00fcmanlar, Haritalar, Vimeo, Wistia, Spotify ve daha fazlas\u0131n\u0131 kodlama yapmadan g\u00f6m\u00fcn. Elementor, Gutenberg blok d\u00fczenleyici veya di\u011fer sayfa olu\u015fturucularla olu\u015fturulmu\u015f web sitelerinde i\u00e7eri\u011fi g\u00fczel bir \u015fekilde g\u00f6r\u00fcnt\u00fcleyin.  <\/p>\n","protected":false},"excerpt":{"rendered":"<p>EmbedPress s\u0131n\u0131rs\u0131z kaynaktan g\u00f6mme: 3D flipbook g\u00f6r\u00fcnt\u00fcleyici ile PDF g\u00f6m\u00fcn, YouTube, sosyal beslemeler, Google Dok\u00fcmanlar, Haritalar, Vimeo, Wistia, Spotify ve daha fazlas\u0131n\u0131 kodlama yapmadan g\u00f6m\u00fcn. Elementor, Gutenberg blok d\u00fczenleyici veya di\u011fer sayfa olu\u015fturucularla olu\u015fturulmu\u015f web sitelerinde i\u00e7eri\u011fi g\u00fczel bir \u015fekilde g\u00f6r\u00fcnt\u00fcleyin.<\/p>\n","protected":false},"featured_media":13249,"comment_status":"open","ping_status":"closed","template":"","meta":[],"product_brand":[],"product_cat":[1413],"product_tag":[1803,1806,1801,1807,1805],"class_list":{"0":"post-13824","1":"product","2":"type-product","3":"status-publish","4":"has-post-thumbnail","6":"product_cat-eklentiler","7":"product_tag-gommek","8":"product_tag-google-dokumanlar","9":"product_tag-pdf-yerlestir","10":"product_tag-sosyal-beslemeler","11":"product_tag-youtubea-yerlestir","13":"first","14":"instock","15":"downloadable","16":"virtual","17":"product-type-simple"},"_links":{"self":[{"href":"https:\/\/hexexist.com\/tr\/wp-json\/wp\/v2\/product\/13824","targetHints":{"allow":["GET"]}}],"collection":[{"href":"https:\/\/hexexist.com\/tr\/wp-json\/wp\/v2\/product"}],"about":[{"href":"https:\/\/hexexist.com\/tr\/wp-json\/wp\/v2\/types\/product"}],"replies":[{"embeddable":true,"href":"https:\/\/hexexist.com\/tr\/wp-json\/wp\/v2\/comments?post=13824"}],"wp:featuredmedia":[{"embeddable":true,"href":"https:\/\/hexexist.com\/tr\/wp-json\/wp\/v2\/media\/13249"}],"wp:attachment":[{"href":"https:\/\/hexexist.com\/tr\/wp-json\/wp\/v2\/media?parent=13824"}],"wp:term":[{"taxonomy":"product_brand","embeddable":true,"href":"https:\/\/hexexist.com\/tr\/wp-json\/wp\/v2\/product_brand?post=13824"},{"taxonomy":"product_cat","embeddable":true,"href":"https:\/\/hexexist.com\/tr\/wp-json\/wp\/v2\/product_cat?post=13824"},{"taxonomy":"product_tag","embeddable":true,"href":"https:\/\/hexexist.com\/tr\/wp-json\/wp\/v2\/product_tag?post=13824"}],"curies":[{"name":"wp","href":"https:\/\/api.w.org\/{rel}","templated":true}]}}