{"id":13825,"date":"2025-10-09T09:50:34","date_gmt":"2025-10-09T09:50:34","guid":{"rendered":"http:\/\/hexexist.com\/product\/cloudflare-turnike-ile-basit-captcha-alternatifi\/"},"modified":"2025-10-09T09:50:34","modified_gmt":"2025-10-09T09:50:34","slug":"cloudflare-turnike-ile-basit-captcha-alternatifi","status":"publish","type":"product","link":"https:\/\/hexexist.com\/tr\/urun\/cloudflare-turnike-ile-basit-captcha-alternatifi\/","title":{"rendered":"Cloudflare Turnike ile Basit CAPTCHA Alternatifi"},"content":{"rendered":"<p>Spam&#8217;den korumak i\u00e7in t\u00fcm WordPress web sitesi formlar\u0131n\u0131za Cloudflare Turnike&#8217;yi kolayca ekleyin!<\/p>\n","protected":false},"excerpt":{"rendered":"<p>Spam&#8217;den korumak i\u00e7in t\u00fcm WordPress web sitesi formlar\u0131n\u0131za Cloudflare Turnike&#8217;yi kolayca ekleyin!<\/p>\n","protected":false},"featured_media":13255,"comment_status":"open","ping_status":"closed","template":"","meta":[],"product_brand":[],"product_cat":[1413],"product_tag":[1545,1802,1428,1541,1804],"class_list":{"0":"post-13825","1":"product","2":"type-product","3":"status-publish","4":"has-post-thumbnail","6":"product_cat-eklentiler","7":"product_tag-captcha-tr","8":"product_tag-cloudflare-tr","9":"product_tag-korumak","10":"product_tag-spam-tr","11":"product_tag-turnike","13":"first","14":"instock","15":"downloadable","16":"virtual","17":"product-type-simple"},"_links":{"self":[{"href":"https:\/\/hexexist.com\/tr\/wp-json\/wp\/v2\/product\/13825","targetHints":{"allow":["GET"]}}],"collection":[{"href":"https:\/\/hexexist.com\/tr\/wp-json\/wp\/v2\/product"}],"about":[{"href":"https:\/\/hexexist.com\/tr\/wp-json\/wp\/v2\/types\/product"}],"replies":[{"embeddable":true,"href":"https:\/\/hexexist.com\/tr\/wp-json\/wp\/v2\/comments?post=13825"}],"wp:featuredmedia":[{"embeddable":true,"href":"https:\/\/hexexist.com\/tr\/wp-json\/wp\/v2\/media\/13255"}],"wp:attachment":[{"href":"https:\/\/hexexist.com\/tr\/wp-json\/wp\/v2\/media?parent=13825"}],"wp:term":[{"taxonomy":"product_brand","embeddable":true,"href":"https:\/\/hexexist.com\/tr\/wp-json\/wp\/v2\/product_brand?post=13825"},{"taxonomy":"product_cat","embeddable":true,"href":"https:\/\/hexexist.com\/tr\/wp-json\/wp\/v2\/product_cat?post=13825"},{"taxonomy":"product_tag","embeddable":true,"href":"https:\/\/hexexist.com\/tr\/wp-json\/wp\/v2\/product_tag?post=13825"}],"curies":[{"name":"wp","href":"https:\/\/api.w.org\/{rel}","templated":true}]}}