{"id":13826,"date":"2025-10-09T09:50:34","date_gmt":"2025-10-09T09:50:34","guid":{"rendered":"http:\/\/hexexist.com\/product\/shortcoder-her-sey-icin-kisa-kodlar-olusturun\/"},"modified":"2025-10-09T09:50:34","modified_gmt":"2025-10-09T09:50:34","slug":"shortcoder-her-sey-icin-kisa-kodlar-olusturun","status":"publish","type":"product","link":"https:\/\/hexexist.com\/tr\/urun\/shortcoder-her-sey-icin-kisa-kodlar-olusturun\/","title":{"rendered":"Shortcoder Her \u015eey \u0130\u00e7in K\u0131sa Kodlar Olu\u015fturun"},"content":{"rendered":"<p>Shortcoder eklentisi HTML, JavaScript, CSS ve di\u011fer kod par\u00e7ac\u0131klar\u0131 i\u00e7in \u00f6zel k\u0131sa kodlar olu\u015fturman\u0131za olanak tan\u0131r. Art\u0131k k\u0131sa kodlar yaz\u0131larda\/sayfalarda kullan\u0131labilir ve kod par\u00e7ac\u0131\u011f\u0131 yerinde de\u011fi\u015ftirilir. <\/p>\n","protected":false},"excerpt":{"rendered":"<p>Shortcoder eklentisi HTML, JavaScript, CSS ve di\u011fer kod par\u00e7ac\u0131klar\u0131 i\u00e7in \u00f6zel k\u0131sa kodlar olu\u015fturman\u0131za olanak tan\u0131r. Art\u0131k k\u0131sa kodlar yaz\u0131larda\/sayfalarda kullan\u0131labilir ve kod par\u00e7ac\u0131\u011f\u0131 yerinde de\u011fi\u015ftirilir.<\/p>\n","protected":false},"featured_media":13254,"comment_status":"open","ping_status":"closed","template":"","meta":[],"product_brand":[],"product_cat":[1413],"product_tag":[1811,1419,1496,1808,1809],"class_list":{"0":"post-13826","1":"product","2":"type-product","3":"status-publish","4":"has-post-thumbnail","6":"product_cat-eklentiler","7":"product_tag-html-tr","8":"product_tag-javascript-tr","9":"product_tag-kisa-kod","10":"product_tag-kod","11":"product_tag-snippets-tr","13":"first","14":"instock","15":"downloadable","16":"virtual","17":"product-type-simple"},"_links":{"self":[{"href":"https:\/\/hexexist.com\/tr\/wp-json\/wp\/v2\/product\/13826","targetHints":{"allow":["GET"]}}],"collection":[{"href":"https:\/\/hexexist.com\/tr\/wp-json\/wp\/v2\/product"}],"about":[{"href":"https:\/\/hexexist.com\/tr\/wp-json\/wp\/v2\/types\/product"}],"replies":[{"embeddable":true,"href":"https:\/\/hexexist.com\/tr\/wp-json\/wp\/v2\/comments?post=13826"}],"wp:featuredmedia":[{"embeddable":true,"href":"https:\/\/hexexist.com\/tr\/wp-json\/wp\/v2\/media\/13254"}],"wp:attachment":[{"href":"https:\/\/hexexist.com\/tr\/wp-json\/wp\/v2\/media?parent=13826"}],"wp:term":[{"taxonomy":"product_brand","embeddable":true,"href":"https:\/\/hexexist.com\/tr\/wp-json\/wp\/v2\/product_brand?post=13826"},{"taxonomy":"product_cat","embeddable":true,"href":"https:\/\/hexexist.com\/tr\/wp-json\/wp\/v2\/product_cat?post=13826"},{"taxonomy":"product_tag","embeddable":true,"href":"https:\/\/hexexist.com\/tr\/wp-json\/wp\/v2\/product_tag?post=13826"}],"curies":[{"name":"wp","href":"https:\/\/api.w.org\/{rel}","templated":true}]}}