{"id":13828,"date":"2025-10-09T09:50:33","date_gmt":"2025-10-09T09:50:33","guid":{"rendered":"http:\/\/hexexist.com\/product\/yonetici-bildirimlerini-ayri-ayri-devre-disi-birakma\/"},"modified":"2025-10-09T09:50:33","modified_gmt":"2025-10-09T09:50:33","slug":"yonetici-bildirimlerini-ayri-ayri-devre-disi-birakma","status":"publish","type":"product","link":"https:\/\/hexexist.com\/tr\/urun\/yonetici-bildirimlerini-ayri-ayri-devre-disi-birakma\/","title":{"rendered":"Y\u00f6netici Bildirimlerini ayr\u0131 ayr\u0131 devre d\u0131\u015f\u0131 b\u0131rakma"},"content":{"rendered":"<p>Baz\u0131 eklentilerin size premium g\u00fcncellemeyi teklif etti\u011fi, teknik verileri toplad\u0131\u011f\u0131 ve bir\u00e7ok can s\u0131k\u0131c\u0131 bildirim g\u00f6sterdi\u011fi durumu biliyor musunuz? Bu bildirimleri ara s\u0131ra kapat\u0131rs\u0131n\u0131z, ancak yeniden ortaya \u00e7\u0131karlar ve WordPress ile \u00e7al\u0131\u015fman\u0131z\u0131 engellerler. Daha da k\u00f6t\u00fcs\u00fc, baz\u0131 eklentilerin yazarlar\u0131 bildirimlerden &#8220;kapat&#8221; d\u00fc\u011fmesini siler ve bildirimler sonsuza kadar y\u00f6netici panelinizde g\u00f6r\u00fcn\u00fcr.<\/p>\n","protected":false},"excerpt":{"rendered":"<p>Baz\u0131 eklentilerin size premium g\u00fcncellemeyi teklif etti\u011fi, teknik verileri toplad\u0131\u011f\u0131 ve bir\u00e7ok can s\u0131k\u0131c\u0131 bildirim g\u00f6sterdi\u011fi durumu biliyor musunuz? Bu bildirimleri ara s\u0131ra kapat\u0131rs\u0131n\u0131z, ancak yeniden ortaya \u00e7\u0131karlar ve WordPress ile \u00e7al\u0131\u015fman\u0131z\u0131 engellerler. Daha da k\u00f6t\u00fcs\u00fc, baz\u0131 eklentilerin yazarlar\u0131 bildirimlerden &#8220;kapat&#8221; d\u00fc\u011fmesini siler ve bildirimler sonsuza kadar y\u00f6netici panelinizde g\u00f6r\u00fcn\u00fcr.<\/p>\n","protected":false},"featured_media":13247,"comment_status":"open","ping_status":"closed","template":"","meta":[],"product_brand":[],"product_cat":[1413],"product_tag":[1817,1819,1814,1812,1615],"class_list":{"0":"post-13828","1":"product","2":"type-product","3":"status-publish","4":"has-post-thumbnail","6":"product_cat-eklentiler","7":"product_tag-bildirim","8":"product_tag-bildirimler-tr","9":"product_tag-bildirimler","10":"product_tag-disable-tr","11":"product_tag-yukseltme","13":"first","14":"instock","15":"downloadable","16":"virtual","17":"product-type-simple"},"_links":{"self":[{"href":"https:\/\/hexexist.com\/tr\/wp-json\/wp\/v2\/product\/13828","targetHints":{"allow":["GET"]}}],"collection":[{"href":"https:\/\/hexexist.com\/tr\/wp-json\/wp\/v2\/product"}],"about":[{"href":"https:\/\/hexexist.com\/tr\/wp-json\/wp\/v2\/types\/product"}],"replies":[{"embeddable":true,"href":"https:\/\/hexexist.com\/tr\/wp-json\/wp\/v2\/comments?post=13828"}],"wp:featuredmedia":[{"embeddable":true,"href":"https:\/\/hexexist.com\/tr\/wp-json\/wp\/v2\/media\/13247"}],"wp:attachment":[{"href":"https:\/\/hexexist.com\/tr\/wp-json\/wp\/v2\/media?parent=13828"}],"wp:term":[{"taxonomy":"product_brand","embeddable":true,"href":"https:\/\/hexexist.com\/tr\/wp-json\/wp\/v2\/product_brand?post=13828"},{"taxonomy":"product_cat","embeddable":true,"href":"https:\/\/hexexist.com\/tr\/wp-json\/wp\/v2\/product_cat?post=13828"},{"taxonomy":"product_tag","embeddable":true,"href":"https:\/\/hexexist.com\/tr\/wp-json\/wp\/v2\/product_tag?post=13828"}],"curies":[{"name":"wp","href":"https:\/\/api.w.org\/{rel}","templated":true}]}}