{"id":13829,"date":"2025-10-09T09:50:34","date_gmt":"2025-10-09T09:50:34","guid":{"rendered":"http:\/\/hexexist.com\/product\/genel-gonderi-onizlemesi\/"},"modified":"2025-10-09T09:50:34","modified_gmt":"2025-10-09T09:50:34","slug":"genel-gonderi-onizlemesi","status":"publish","type":"product","link":"https:\/\/hexexist.com\/tr\/urun\/genel-gonderi-onizlemesi\/","title":{"rendered":"Genel G\u00f6nderi \u00d6nizlemesi"},"content":{"rendered":"<p>Bir g\u00f6nderinin (veya ba\u015fka bir genel g\u00f6nderi t\u00fcr\u00fcn\u00fcn) tasla\u011f\u0131n\u0131 yay\u0131nlanmadan \u00f6nce \u00f6nizlemek i\u00e7in anonim kullan\u0131c\u0131lara bir ba\u011flant\u0131 payla\u015f\u0131n.<\/p>\n","protected":false},"excerpt":{"rendered":"<p>Bir g\u00f6nderinin (veya ba\u015fka bir genel g\u00f6nderi t\u00fcr\u00fcn\u00fcn) tasla\u011f\u0131n\u0131 yay\u0131nlanmadan \u00f6nce \u00f6nizlemek i\u00e7in anonim kullan\u0131c\u0131lara bir ba\u011flant\u0131 payla\u015f\u0131n.<\/p>\n","protected":false},"featured_media":13253,"comment_status":"open","ping_status":"closed","template":"","meta":[],"product_brand":[],"product_cat":[1413],"product_tag":[1815,1494,1818,1813,1816],"class_list":{"0":"post-13829","1":"product","2":"type-product","3":"status-publish","4":"has-post-thumbnail","6":"product_cat-eklentiler","7":"product_tag-anonim","8":"product_tag-gonderiler","9":"product_tag-kamu","10":"product_tag-onizleme","11":"product_tag-taslaklar","13":"first","14":"instock","15":"downloadable","16":"virtual","17":"product-type-simple"},"_links":{"self":[{"href":"https:\/\/hexexist.com\/tr\/wp-json\/wp\/v2\/product\/13829","targetHints":{"allow":["GET"]}}],"collection":[{"href":"https:\/\/hexexist.com\/tr\/wp-json\/wp\/v2\/product"}],"about":[{"href":"https:\/\/hexexist.com\/tr\/wp-json\/wp\/v2\/types\/product"}],"replies":[{"embeddable":true,"href":"https:\/\/hexexist.com\/tr\/wp-json\/wp\/v2\/comments?post=13829"}],"wp:featuredmedia":[{"embeddable":true,"href":"https:\/\/hexexist.com\/tr\/wp-json\/wp\/v2\/media\/13253"}],"wp:attachment":[{"href":"https:\/\/hexexist.com\/tr\/wp-json\/wp\/v2\/media?parent=13829"}],"wp:term":[{"taxonomy":"product_brand","embeddable":true,"href":"https:\/\/hexexist.com\/tr\/wp-json\/wp\/v2\/product_brand?post=13829"},{"taxonomy":"product_cat","embeddable":true,"href":"https:\/\/hexexist.com\/tr\/wp-json\/wp\/v2\/product_cat?post=13829"},{"taxonomy":"product_tag","embeddable":true,"href":"https:\/\/hexexist.com\/tr\/wp-json\/wp\/v2\/product_tag?post=13829"}],"curies":[{"name":"wp","href":"https:\/\/api.w.org\/{rel}","templated":true}]}}