{"id":13830,"date":"2025-10-09T09:50:34","date_gmt":"2025-10-09T09:50:34","guid":{"rendered":"http:\/\/hexexist.com\/product\/nitropack-onbellege-alma-ve-cekirdek-web-vitals-icin-hiz-optimizasyonu-css-ve-jsyi-erteleme-goruntuleri-tembel-yukleme-ve-cdn\/"},"modified":"2025-10-09T09:50:34","modified_gmt":"2025-10-09T09:50:34","slug":"nitropack-onbellege-alma-ve-cekirdek-web-vitals-icin-hiz-optimizasyonu-css-ve-jsyi-erteleme-goruntuleri-tembel-yukleme-ve-cdn","status":"publish","type":"product","link":"https:\/\/hexexist.com\/tr\/urun\/nitropack-onbellege-alma-ve-cekirdek-web-vitals-icin-hiz-optimizasyonu-css-ve-jsyi-erteleme-goruntuleri-tembel-yukleme-ve-cdn\/","title":{"rendered":"NitroPack \u00d6nbelle\u011fe Alma ve \u00c7ekirdek Web Vitals i\u00e7in H\u0131z Optimizasyonu, CSS ve JS&#8217;yi Erteleme, G\u00f6r\u00fcnt\u00fcleri Tembel Y\u00fckleme ve CDN"},"content":{"rendered":"<p>NitroPack ile WordPress sitenizi h\u0131zland\u0131r\u0131n, PageSpeed Insights&#8217;ta 90+ Performans puan\u0131 elde edin ve Core Web Vitals&#8217;\u0131n\u0131z\u0131 ge\u00e7in.<\/p>\n","protected":false},"excerpt":{"rendered":"<p>NitroPack ile WordPress sitenizi h\u0131zland\u0131r\u0131n, PageSpeed Insights&#8217;ta 90+ Performans puan\u0131 elde edin ve Core Web Vitals&#8217;\u0131n\u0131z\u0131 ge\u00e7in.<\/p>\n","protected":false},"featured_media":13252,"comment_status":"open","ping_status":"closed","template":"","meta":[],"product_brand":[],"product_cat":[1413],"product_tag":[1628,1627,1469,1820],"class_list":{"0":"post-13830","1":"product","2":"type-product","3":"status-publish","4":"has-post-thumbnail","6":"product_cat-eklentiler","7":"product_tag-hiz","8":"product_tag-onbellek","9":"product_tag-performans","10":"product_tag-tembel-yuk","12":"first","13":"instock","14":"downloadable","15":"virtual","16":"product-type-simple"},"_links":{"self":[{"href":"https:\/\/hexexist.com\/tr\/wp-json\/wp\/v2\/product\/13830","targetHints":{"allow":["GET"]}}],"collection":[{"href":"https:\/\/hexexist.com\/tr\/wp-json\/wp\/v2\/product"}],"about":[{"href":"https:\/\/hexexist.com\/tr\/wp-json\/wp\/v2\/types\/product"}],"replies":[{"embeddable":true,"href":"https:\/\/hexexist.com\/tr\/wp-json\/wp\/v2\/comments?post=13830"}],"wp:featuredmedia":[{"embeddable":true,"href":"https:\/\/hexexist.com\/tr\/wp-json\/wp\/v2\/media\/13252"}],"wp:attachment":[{"href":"https:\/\/hexexist.com\/tr\/wp-json\/wp\/v2\/media?parent=13830"}],"wp:term":[{"taxonomy":"product_brand","embeddable":true,"href":"https:\/\/hexexist.com\/tr\/wp-json\/wp\/v2\/product_brand?post=13830"},{"taxonomy":"product_cat","embeddable":true,"href":"https:\/\/hexexist.com\/tr\/wp-json\/wp\/v2\/product_cat?post=13830"},{"taxonomy":"product_tag","embeddable":true,"href":"https:\/\/hexexist.com\/tr\/wp-json\/wp\/v2\/product_tag?post=13830"}],"curies":[{"name":"wp","href":"https:\/\/api.w.org\/{rel}","templated":true}]}}