{"id":13831,"date":"2025-10-09T09:50:33","date_gmt":"2025-10-09T09:50:33","guid":{"rendered":"http:\/\/hexexist.com\/product\/iletisim-formu-7-captcha\/"},"modified":"2025-10-09T09:50:33","modified_gmt":"2025-10-09T09:50:33","slug":"iletisim-formu-7-captcha","status":"publish","type":"product","link":"https:\/\/hexexist.com\/tr\/urun\/iletisim-formu-7-captcha\/","title":{"rendered":"\u0130leti\u015fim Formu 7 Captcha"},"content":{"rendered":"<p>Contact Form 7 formlar\u0131n\u0131z\u0131 Google CAPTCHA V2 , hCAPTCHA veya Cloudflare Turnike CAPTCHA ile koruyun<\/p>\n","protected":false},"excerpt":{"rendered":"<p>Contact Form 7 formlar\u0131n\u0131z\u0131 Google CAPTCHA V2 , hCAPTCHA veya Cloudflare Turnike CAPTCHA ile koruyun<\/p>\n","protected":false},"featured_media":13246,"comment_status":"open","ping_status":"closed","template":"","meta":[],"product_brand":[],"product_cat":[1413],"product_tag":[1545,1822,1823,1543,1821],"class_list":{"0":"post-13831","1":"product","2":"type-product","3":"status-publish","4":"has-post-thumbnail","6":"product_cat-eklentiler","7":"product_tag-captcha-tr","8":"product_tag-cloudflare-turnikesi","9":"product_tag-hcaptcha-tr","10":"product_tag-iletisim-formu-7","11":"product_tag-recaptcha-tr","13":"first","14":"instock","15":"downloadable","16":"virtual","17":"product-type-simple"},"_links":{"self":[{"href":"https:\/\/hexexist.com\/tr\/wp-json\/wp\/v2\/product\/13831","targetHints":{"allow":["GET"]}}],"collection":[{"href":"https:\/\/hexexist.com\/tr\/wp-json\/wp\/v2\/product"}],"about":[{"href":"https:\/\/hexexist.com\/tr\/wp-json\/wp\/v2\/types\/product"}],"replies":[{"embeddable":true,"href":"https:\/\/hexexist.com\/tr\/wp-json\/wp\/v2\/comments?post=13831"}],"wp:featuredmedia":[{"embeddable":true,"href":"https:\/\/hexexist.com\/tr\/wp-json\/wp\/v2\/media\/13246"}],"wp:attachment":[{"href":"https:\/\/hexexist.com\/tr\/wp-json\/wp\/v2\/media?parent=13831"}],"wp:term":[{"taxonomy":"product_brand","embeddable":true,"href":"https:\/\/hexexist.com\/tr\/wp-json\/wp\/v2\/product_brand?post=13831"},{"taxonomy":"product_cat","embeddable":true,"href":"https:\/\/hexexist.com\/tr\/wp-json\/wp\/v2\/product_cat?post=13831"},{"taxonomy":"product_tag","embeddable":true,"href":"https:\/\/hexexist.com\/tr\/wp-json\/wp\/v2\/product_tag?post=13831"}],"curies":[{"name":"wp","href":"https:\/\/api.w.org\/{rel}","templated":true}]}}