{"id":13832,"date":"2025-10-09T09:50:35","date_gmt":"2025-10-09T09:50:35","guid":{"rendered":"http:\/\/hexexist.com\/product\/buyuk-dosya-yuklemeleri-maksimum-dosya-yukleme-boyutunu-artiriyor\/"},"modified":"2025-10-09T09:50:35","modified_gmt":"2025-10-09T09:50:35","slug":"buyuk-dosya-yuklemeleri-maksimum-dosya-yukleme-boyutunu-artiriyor","status":"publish","type":"product","link":"https:\/\/hexexist.com\/tr\/urun\/buyuk-dosya-yuklemeleri-maksimum-dosya-yukleme-boyutunu-artiriyor\/","title":{"rendered":"B\u00fcy\u00fck Dosya Y\u00fcklemeleri Maksimum Dosya Y\u00fckleme Boyutunu Art\u0131r\u0131yor"},"content":{"rendered":"<p>B\u00fcy\u00fck Dosya Y\u00fcklemeleri, WordPress medya y\u00fckleyicisi ile b\u00fcy\u00fck medya dosyalar\u0131n\u0131 do\u011frudan medya kitapl\u0131\u011f\u0131na y\u00fcklemenizi sa\u011flar. Maksimum y\u00fckleme boyutunuzu mevcut disk alan\u0131n\u0131z\u0131n izin verdi\u011fi \u00f6l\u00e7\u00fcde art\u0131r\u0131n ve sunucu zaman a\u015f\u0131m\u0131 hatalar\u0131n\u0131 \u00f6nlemek i\u00e7in dosya y\u0131\u011f\u0131nlama ekleyin. <\/p>\n","protected":false},"excerpt":{"rendered":"<p>B\u00fcy\u00fck Dosya Y\u00fcklemeleri, WordPress medya y\u00fckleyicisi ile b\u00fcy\u00fck medya dosyalar\u0131n\u0131 do\u011frudan medya kitapl\u0131\u011f\u0131na y\u00fcklemenizi sa\u011flar. Maksimum y\u00fckleme boyutunuzu mevcut disk alan\u0131n\u0131z\u0131n izin verdi\u011fi \u00f6l\u00e7\u00fcde art\u0131r\u0131n ve sunucu zaman a\u015f\u0131m\u0131 hatalar\u0131n\u0131 \u00f6nlemek i\u00e7in dosya y\u0131\u011f\u0131nlama ekleyin.<\/p>\n","protected":false},"featured_media":13258,"comment_status":"open","ping_status":"closed","template":"","meta":[],"product_brand":[],"product_cat":[1413],"product_tag":[1824,1827,1826,1828,1825],"class_list":{"0":"post-13832","1":"product","2":"type-product","3":"status-publish","4":"has-post-thumbnail","6":"product_cat-eklentiler","7":"product_tag-dosya-boyutu-sinirini-artirin","8":"product_tag-gonderi-maksimum-boyutu","9":"product_tag-maksimum-yukleme-dosya-boyutu","10":"product_tag-yukleme-siniri","11":"product_tag-yukleme-sinirini-artirin","13":"first","14":"instock","15":"downloadable","16":"virtual","17":"product-type-simple"},"_links":{"self":[{"href":"https:\/\/hexexist.com\/tr\/wp-json\/wp\/v2\/product\/13832","targetHints":{"allow":["GET"]}}],"collection":[{"href":"https:\/\/hexexist.com\/tr\/wp-json\/wp\/v2\/product"}],"about":[{"href":"https:\/\/hexexist.com\/tr\/wp-json\/wp\/v2\/types\/product"}],"replies":[{"embeddable":true,"href":"https:\/\/hexexist.com\/tr\/wp-json\/wp\/v2\/comments?post=13832"}],"wp:featuredmedia":[{"embeddable":true,"href":"https:\/\/hexexist.com\/tr\/wp-json\/wp\/v2\/media\/13258"}],"wp:attachment":[{"href":"https:\/\/hexexist.com\/tr\/wp-json\/wp\/v2\/media?parent=13832"}],"wp:term":[{"taxonomy":"product_brand","embeddable":true,"href":"https:\/\/hexexist.com\/tr\/wp-json\/wp\/v2\/product_brand?post=13832"},{"taxonomy":"product_cat","embeddable":true,"href":"https:\/\/hexexist.com\/tr\/wp-json\/wp\/v2\/product_cat?post=13832"},{"taxonomy":"product_tag","embeddable":true,"href":"https:\/\/hexexist.com\/tr\/wp-json\/wp\/v2\/product_tag?post=13832"}],"curies":[{"name":"wp","href":"https:\/\/api.w.org\/{rel}","templated":true}]}}