{"id":13833,"date":"2025-10-09T09:50:34","date_gmt":"2025-10-09T09:50:34","guid":{"rendered":"http:\/\/hexexist.com\/product\/bildirim-e-postalarini-yonetme\/"},"modified":"2025-10-09T09:50:34","modified_gmt":"2025-10-09T09:50:34","slug":"bildirim-e-postalarini-yonetme","status":"publish","type":"product","link":"https:\/\/hexexist.com\/tr\/urun\/bildirim-e-postalarini-yonetme\/","title":{"rendered":"Bildirim E-postalar\u0131n\u0131 Y\u00f6netme"},"content":{"rendered":"<p>Bu eklenti ile WordPress taraf\u0131ndan y\u00f6neticiye ve kullan\u0131c\u0131ya g\u00f6nderilen yeni kullan\u0131c\u0131 ve \u015fifre de\u011fi\u015fikli\u011fi bildirimleri gibi se\u00e7enekler gibi farkl\u0131 WordPress bildirim e-postalar\u0131n\u0131 a\u00e7\u0131p kapatabilirsiniz. Di\u011fer bir\u00e7ok eklenti ile birlikte m\u00fckemmel \u00e7al\u0131\u015f\u0131r! <\/p>\n","protected":false},"excerpt":{"rendered":"<p>Bu eklenti ile WordPress taraf\u0131ndan y\u00f6neticiye ve kullan\u0131c\u0131ya g\u00f6nderilen yeni kullan\u0131c\u0131 ve \u015fifre de\u011fi\u015fikli\u011fi bildirimleri gibi se\u00e7enekler gibi farkl\u0131 WordPress bildirim e-postalar\u0131n\u0131 a\u00e7\u0131p kapatabilirsiniz. Di\u011fer bir\u00e7ok eklenti ile birlikte m\u00fckemmel \u00e7al\u0131\u015f\u0131r!<\/p>\n","protected":false},"featured_media":13251,"comment_status":"open","ping_status":"closed","template":"","meta":[],"product_brand":[],"product_cat":[1413],"product_tag":[1832,1817,1831,1830,1829],"class_list":{"0":"post-13833","1":"product","2":"type-product","3":"status-publish","4":"has-post-thumbnail","6":"product_cat-eklentiler","7":"product_tag-anahtar","8":"product_tag-bildirim","9":"product_tag-bildirmek","10":"product_tag-e-posta-tr","11":"product_tag-kullanici","13":"first","14":"instock","15":"downloadable","16":"virtual","17":"product-type-simple"},"_links":{"self":[{"href":"https:\/\/hexexist.com\/tr\/wp-json\/wp\/v2\/product\/13833","targetHints":{"allow":["GET"]}}],"collection":[{"href":"https:\/\/hexexist.com\/tr\/wp-json\/wp\/v2\/product"}],"about":[{"href":"https:\/\/hexexist.com\/tr\/wp-json\/wp\/v2\/types\/product"}],"replies":[{"embeddable":true,"href":"https:\/\/hexexist.com\/tr\/wp-json\/wp\/v2\/comments?post=13833"}],"wp:featuredmedia":[{"embeddable":true,"href":"https:\/\/hexexist.com\/tr\/wp-json\/wp\/v2\/media\/13251"}],"wp:attachment":[{"href":"https:\/\/hexexist.com\/tr\/wp-json\/wp\/v2\/media?parent=13833"}],"wp:term":[{"taxonomy":"product_brand","embeddable":true,"href":"https:\/\/hexexist.com\/tr\/wp-json\/wp\/v2\/product_brand?post=13833"},{"taxonomy":"product_cat","embeddable":true,"href":"https:\/\/hexexist.com\/tr\/wp-json\/wp\/v2\/product_cat?post=13833"},{"taxonomy":"product_tag","embeddable":true,"href":"https:\/\/hexexist.com\/tr\/wp-json\/wp\/v2\/product_tag?post=13833"}],"curies":[{"name":"wp","href":"https:\/\/api.w.org\/{rel}","templated":true}]}}