{"id":13834,"date":"2025-10-09T09:50:35","date_gmt":"2025-10-09T09:50:35","guid":{"rendered":"http:\/\/hexexist.com\/product\/tutor-lms-e-ogrenim-ve-cevrimici-kurs-cozumu\/"},"modified":"2025-10-09T09:50:35","modified_gmt":"2025-10-09T09:50:35","slug":"tutor-lms-e-ogrenim-ve-cevrimici-kurs-cozumu","status":"publish","type":"product","link":"https:\/\/hexexist.com\/tr\/urun\/tutor-lms-e-ogrenim-ve-cevrimici-kurs-cozumu\/","title":{"rendered":"Tutor LMS e-\u00d6\u011frenim ve \u00e7evrimi\u00e7i kurs \u00e7\u00f6z\u00fcm\u00fc"},"content":{"rendered":"<p>Tutor LMS, kolayca \u00e7evrimi\u00e7i kurslar olu\u015fturmak ve satmak i\u00e7in hafif, \u00f6zelliklerle dolu ve sa\u011flam bir WordPress LMS eklentisidir. Bu \u00f6\u011frenme y\u00f6netim sisteminin t\u00fcm \u00f6zellikleri, tam te\u015fekk\u00fcll\u00fc bir \u00e7evrimi\u00e7i kurs pazar\u0131 i\u00e7in t\u00fcm kontrol noktalar\u0131n\u0131 vurur. <\/p>\n","protected":false},"excerpt":{"rendered":"<p>Tutor LMS, kolayca \u00e7evrimi\u00e7i kurslar olu\u015fturmak ve satmak i\u00e7in hafif, \u00f6zelliklerle dolu ve sa\u011flam bir WordPress LMS eklentisidir. Bu \u00f6\u011frenme y\u00f6netim sisteminin t\u00fcm \u00f6zellikleri, tam te\u015fekk\u00fcll\u00fc bir \u00e7evrimi\u00e7i kurs pazar\u0131 i\u00e7in t\u00fcm kontrol noktalar\u0131n\u0131 vurur.<\/p>\n","protected":false},"featured_media":13257,"comment_status":"open","ping_status":"closed","template":"","meta":[],"product_brand":[],"product_cat":[1413],"product_tag":[1558,1555,1556,1559,1557],"class_list":{"0":"post-13834","1":"product","2":"type-product","3":"status-publish","4":"has-post-thumbnail","6":"product_cat-eklentiler","7":"product_tag-e-ogrenme","8":"product_tag-egitim","9":"product_tag-lms-tr","10":"product_tag-ogrenme-yonetim-sistemi","11":"product_tag-tabii-ki","13":"first","14":"instock","15":"downloadable","16":"virtual","17":"product-type-simple"},"_links":{"self":[{"href":"https:\/\/hexexist.com\/tr\/wp-json\/wp\/v2\/product\/13834","targetHints":{"allow":["GET"]}}],"collection":[{"href":"https:\/\/hexexist.com\/tr\/wp-json\/wp\/v2\/product"}],"about":[{"href":"https:\/\/hexexist.com\/tr\/wp-json\/wp\/v2\/types\/product"}],"replies":[{"embeddable":true,"href":"https:\/\/hexexist.com\/tr\/wp-json\/wp\/v2\/comments?post=13834"}],"wp:featuredmedia":[{"embeddable":true,"href":"https:\/\/hexexist.com\/tr\/wp-json\/wp\/v2\/media\/13257"}],"wp:attachment":[{"href":"https:\/\/hexexist.com\/tr\/wp-json\/wp\/v2\/media?parent=13834"}],"wp:term":[{"taxonomy":"product_brand","embeddable":true,"href":"https:\/\/hexexist.com\/tr\/wp-json\/wp\/v2\/product_brand?post=13834"},{"taxonomy":"product_cat","embeddable":true,"href":"https:\/\/hexexist.com\/tr\/wp-json\/wp\/v2\/product_cat?post=13834"},{"taxonomy":"product_tag","embeddable":true,"href":"https:\/\/hexexist.com\/tr\/wp-json\/wp\/v2\/product_tag?post=13834"}],"curies":[{"name":"wp","href":"https:\/\/api.w.org\/{rel}","templated":true}]}}