{"id":13835,"date":"2025-10-09T09:50:34","date_gmt":"2025-10-09T09:50:34","guid":{"rendered":"http:\/\/hexexist.com\/product\/dosya-yoneticisi-pro-filester\/"},"modified":"2025-10-09T09:50:34","modified_gmt":"2025-10-09T09:50:34","slug":"dosya-yoneticisi-pro-filester","status":"publish","type":"product","link":"https:\/\/hexexist.com\/tr\/urun\/dosya-yoneticisi-pro-filester\/","title":{"rendered":"Dosya Y\u00f6neticisi Pro Filester"},"content":{"rendered":"<p>Filester bir WP File Manager Pro eklentisidir, ancak tamamen \u00fccretsiz olarak indirebilir ve kullanabilirsiniz. D\u0131\u015far\u0131daki di\u011fer WordPress geli\u015fmi\u015f dosya y\u00f6neticisi eklentilerinin t\u00fcm premium \u00f6zellikleriyle birlikte gelir. <\/p>\n","protected":false},"excerpt":{"rendered":"<p>Filester bir WP File Manager Pro eklentisidir, ancak tamamen \u00fccretsiz olarak indirebilir ve kullanabilirsiniz. D\u0131\u015far\u0131daki di\u011fer WordPress geli\u015fmi\u015f dosya y\u00f6neticisi eklentilerinin t\u00fcm premium \u00f6zellikleriyle birlikte gelir.<\/p>\n","protected":false},"featured_media":13250,"comment_status":"open","ping_status":"closed","template":"","meta":[],"product_brand":[],"product_cat":[1413],"product_tag":[1506,1452,1835,1834,1833],"class_list":{"0":"post-13835","1":"product","2":"type-product","3":"status-publish","4":"has-post-thumbnail","6":"product_cat-eklentiler","7":"product_tag-dosya-yoneticisi","8":"product_tag-dosyalar","9":"product_tag-eklentiyi-indirin","10":"product_tag-wordpress-dosya-yoneticisi","11":"product_tag-wp-dosya-yoneticisi","13":"first","14":"instock","15":"downloadable","16":"virtual","17":"product-type-simple"},"_links":{"self":[{"href":"https:\/\/hexexist.com\/tr\/wp-json\/wp\/v2\/product\/13835","targetHints":{"allow":["GET"]}}],"collection":[{"href":"https:\/\/hexexist.com\/tr\/wp-json\/wp\/v2\/product"}],"about":[{"href":"https:\/\/hexexist.com\/tr\/wp-json\/wp\/v2\/types\/product"}],"replies":[{"embeddable":true,"href":"https:\/\/hexexist.com\/tr\/wp-json\/wp\/v2\/comments?post=13835"}],"wp:featuredmedia":[{"embeddable":true,"href":"https:\/\/hexexist.com\/tr\/wp-json\/wp\/v2\/media\/13250"}],"wp:attachment":[{"href":"https:\/\/hexexist.com\/tr\/wp-json\/wp\/v2\/media?parent=13835"}],"wp:term":[{"taxonomy":"product_brand","embeddable":true,"href":"https:\/\/hexexist.com\/tr\/wp-json\/wp\/v2\/product_brand?post=13835"},{"taxonomy":"product_cat","embeddable":true,"href":"https:\/\/hexexist.com\/tr\/wp-json\/wp\/v2\/product_cat?post=13835"},{"taxonomy":"product_tag","embeddable":true,"href":"https:\/\/hexexist.com\/tr\/wp-json\/wp\/v2\/product_tag?post=13835"}],"curies":[{"name":"wp","href":"https:\/\/api.w.org\/{rel}","templated":true}]}}