{"id":13836,"date":"2025-10-09T09:50:36","date_gmt":"2025-10-09T09:50:36","guid":{"rendered":"http:\/\/hexexist.com\/product\/a3-tembel-yuk\/"},"modified":"2025-10-09T09:50:36","modified_gmt":"2025-10-09T09:50:36","slug":"a3-tembel-yuk","status":"publish","type":"product","link":"https:\/\/hexexist.com\/tr\/urun\/a3-tembel-yuk\/","title":{"rendered":"a3 Tembel Y\u00fck"},"content":{"rendered":"<p>a3 Lazy Load, sitelerin sayfa y\u00fckleme h\u0131z\u0131n\u0131 art\u0131racak Mobil Odakl\u0131, kullan\u0131m\u0131 \u00e7ok basit bir eklentidir. Sitenizde ne kadar \u00e7ok i\u00e7erik varsa, eklenti o kadar iyi performans g\u00f6sterecek ve performanstaki geli\u015fmeleri o kadar \u00e7ok g\u00f6receksiniz. Y\u00fcklenmesi gereken 1.000 resim (evet 1.000 resim) olan bir sayfan\u0131n bu demosuna bak\u0131n.  <\/p>\n","protected":false},"excerpt":{"rendered":"<p>a3 Lazy Load, sitelerin sayfa y\u00fckleme h\u0131z\u0131n\u0131 art\u0131racak Mobil Odakl\u0131, kullan\u0131m\u0131 \u00e7ok basit bir eklentidir. Sitenizde ne kadar \u00e7ok i\u00e7erik varsa, eklenti o kadar iyi performans g\u00f6sterecek ve performanstaki geli\u015fmeleri o kadar \u00e7ok g\u00f6receksiniz. Y\u00fcklenmesi gereken 1.000 resim (evet 1.000 resim) olan bir sayfan\u0131n bu demosuna bak\u0131n.<\/p>\n","protected":false},"featured_media":13262,"comment_status":"open","ping_status":"closed","template":"","meta":[],"product_brand":[],"product_cat":[1413],"product_tag":[1836,1838,1837],"class_list":{"0":"post-13836","1":"product","2":"type-product","3":"status-publish","4":"has-post-thumbnail","6":"product_cat-eklentiler","7":"product_tag-goruntu-tembel-yukleme","8":"product_tag-lazyload-tr","9":"product_tag-tembel-yukleme","11":"first","12":"instock","13":"downloadable","14":"virtual","15":"product-type-simple"},"_links":{"self":[{"href":"https:\/\/hexexist.com\/tr\/wp-json\/wp\/v2\/product\/13836","targetHints":{"allow":["GET"]}}],"collection":[{"href":"https:\/\/hexexist.com\/tr\/wp-json\/wp\/v2\/product"}],"about":[{"href":"https:\/\/hexexist.com\/tr\/wp-json\/wp\/v2\/types\/product"}],"replies":[{"embeddable":true,"href":"https:\/\/hexexist.com\/tr\/wp-json\/wp\/v2\/comments?post=13836"}],"wp:featuredmedia":[{"embeddable":true,"href":"https:\/\/hexexist.com\/tr\/wp-json\/wp\/v2\/media\/13262"}],"wp:attachment":[{"href":"https:\/\/hexexist.com\/tr\/wp-json\/wp\/v2\/media?parent=13836"}],"wp:term":[{"taxonomy":"product_brand","embeddable":true,"href":"https:\/\/hexexist.com\/tr\/wp-json\/wp\/v2\/product_brand?post=13836"},{"taxonomy":"product_cat","embeddable":true,"href":"https:\/\/hexexist.com\/tr\/wp-json\/wp\/v2\/product_cat?post=13836"},{"taxonomy":"product_tag","embeddable":true,"href":"https:\/\/hexexist.com\/tr\/wp-json\/wp\/v2\/product_tag?post=13836"}],"curies":[{"name":"wp","href":"https:\/\/api.w.org\/{rel}","templated":true}]}}