{"id":13837,"date":"2025-10-09T09:50:35","date_gmt":"2025-10-09T09:50:35","guid":{"rendered":"http:\/\/hexexist.com\/product\/varlik-temizleme-sayfa-hizi-artirici\/"},"modified":"2025-10-09T09:50:35","modified_gmt":"2025-10-09T09:50:35","slug":"varlik-temizleme-sayfa-hizi-artirici","status":"publish","type":"product","link":"https:\/\/hexexist.com\/tr\/urun\/varlik-temizleme-sayfa-hizi-artirici\/","title":{"rendered":"Varl\u0131k Temizleme: Sayfa H\u0131z\u0131 Art\u0131r\u0131c\u0131"},"content":{"rendered":"<p>Sadece CSS\/JavaScript dosyalar\u0131n\u0131 k\u00fc\u00e7\u00fclt\u00fcp birle\u015ftirerek b\u00fcy\u00fck, \u015fi\u015firilmi\u015f ve yava\u015f y\u00fcklenen sayfalar elde etmeyin: \u00d6nce ya\u011f\u0131 al\u0131n ve daha h\u0131zl\u0131 bir web sitesi elde edin \ud83d\ude42<\/p>\n","protected":false},"excerpt":{"rendered":"<p>Sadece CSS\/JavaScript dosyalar\u0131n\u0131 k\u00fc\u00e7\u00fclt\u00fcp birle\u015ftirerek b\u00fcy\u00fck, \u015fi\u015firilmi\u015f ve yava\u015f y\u00fcklenen sayfalar elde etmeyin: \u00d6nce ya\u011f\u0131 al\u0131n ve daha h\u0131zl\u0131 bir web sitesi elde edin \ud83d\ude42<\/p>\n","protected":false},"featured_media":13261,"comment_status":"open","ping_status":"closed","template":"","meta":[],"product_brand":[],"product_cat":[1413],"product_tag":[1741,1840,1841,1842,1839],"class_list":{"0":"post-13837","1":"product","2":"type-product","3":"status-publish","4":"has-post-thumbnail","6":"product_cat-eklentiler","7":"product_tag-css-kucultme","8":"product_tag-defer-css-javascript-tr","9":"product_tag-dequeue-tr","10":"product_tag-javascript-kucultme","11":"product_tag-sayfa-hizi-tr","13":"first","14":"instock","15":"downloadable","16":"virtual","17":"product-type-simple"},"_links":{"self":[{"href":"https:\/\/hexexist.com\/tr\/wp-json\/wp\/v2\/product\/13837","targetHints":{"allow":["GET"]}}],"collection":[{"href":"https:\/\/hexexist.com\/tr\/wp-json\/wp\/v2\/product"}],"about":[{"href":"https:\/\/hexexist.com\/tr\/wp-json\/wp\/v2\/types\/product"}],"replies":[{"embeddable":true,"href":"https:\/\/hexexist.com\/tr\/wp-json\/wp\/v2\/comments?post=13837"}],"wp:featuredmedia":[{"embeddable":true,"href":"https:\/\/hexexist.com\/tr\/wp-json\/wp\/v2\/media\/13261"}],"wp:attachment":[{"href":"https:\/\/hexexist.com\/tr\/wp-json\/wp\/v2\/media?parent=13837"}],"wp:term":[{"taxonomy":"product_brand","embeddable":true,"href":"https:\/\/hexexist.com\/tr\/wp-json\/wp\/v2\/product_brand?post=13837"},{"taxonomy":"product_cat","embeddable":true,"href":"https:\/\/hexexist.com\/tr\/wp-json\/wp\/v2\/product_cat?post=13837"},{"taxonomy":"product_tag","embeddable":true,"href":"https:\/\/hexexist.com\/tr\/wp-json\/wp\/v2\/product_tag?post=13837"}],"curies":[{"name":"wp","href":"https:\/\/api.w.org\/{rel}","templated":true}]}}