{"id":13838,"date":"2025-10-09T09:50:37","date_gmt":"2025-10-09T09:50:37","guid":{"rendered":"http:\/\/hexexist.com\/product\/everest-forms-iletisim-formu-odeme-formu-quiz-anket-ve-ozel-form-olusturucu\/"},"modified":"2025-10-09T09:50:37","modified_gmt":"2025-10-09T09:50:37","slug":"everest-forms-iletisim-formu-odeme-formu-quiz-anket-ve-ozel-form-olusturucu","status":"publish","type":"product","link":"https:\/\/hexexist.com\/tr\/urun\/everest-forms-iletisim-formu-odeme-formu-quiz-anket-ve-ozel-form-olusturucu\/","title":{"rendered":"Everest Forms \u0130leti\u015fim Formu, \u00d6deme Formu, Quiz, Anket ve \u00d6zel Form Olu\u015fturucu"},"content":{"rendered":"<p>\u00dccretsiz En \u0130yi WordPress \u0130leti\u015fim Formu Olu\u015fturucu Eklentisi<\/p>\n","protected":false},"excerpt":{"rendered":"<p>\u00dccretsiz En \u0130yi WordPress \u0130leti\u015fim Formu Olu\u015fturucu Eklentisi<\/p>\n","protected":false},"featured_media":13269,"comment_status":"open","ping_status":"closed","template":"","meta":[],"product_brand":[],"product_cat":[1413],"product_tag":[1844,1527,1528,1524,1843],"class_list":{"0":"post-13838","1":"product","2":"type-product","3":"status-publish","4":"has-post-thumbnail","6":"product_cat-eklentiler","7":"product_tag-anket","8":"product_tag-form-olusturucu","9":"product_tag-formlar","10":"product_tag-iletisim-formu","11":"product_tag-ozel-form","13":"first","14":"instock","15":"downloadable","16":"virtual","17":"product-type-simple"},"_links":{"self":[{"href":"https:\/\/hexexist.com\/tr\/wp-json\/wp\/v2\/product\/13838","targetHints":{"allow":["GET"]}}],"collection":[{"href":"https:\/\/hexexist.com\/tr\/wp-json\/wp\/v2\/product"}],"about":[{"href":"https:\/\/hexexist.com\/tr\/wp-json\/wp\/v2\/types\/product"}],"replies":[{"embeddable":true,"href":"https:\/\/hexexist.com\/tr\/wp-json\/wp\/v2\/comments?post=13838"}],"wp:featuredmedia":[{"embeddable":true,"href":"https:\/\/hexexist.com\/tr\/wp-json\/wp\/v2\/media\/13269"}],"wp:attachment":[{"href":"https:\/\/hexexist.com\/tr\/wp-json\/wp\/v2\/media?parent=13838"}],"wp:term":[{"taxonomy":"product_brand","embeddable":true,"href":"https:\/\/hexexist.com\/tr\/wp-json\/wp\/v2\/product_brand?post=13838"},{"taxonomy":"product_cat","embeddable":true,"href":"https:\/\/hexexist.com\/tr\/wp-json\/wp\/v2\/product_cat?post=13838"},{"taxonomy":"product_tag","embeddable":true,"href":"https:\/\/hexexist.com\/tr\/wp-json\/wp\/v2\/product_tag?post=13838"}],"curies":[{"name":"wp","href":"https:\/\/api.w.org\/{rel}","templated":true}]}}