{"id":13839,"date":"2025-10-09T09:50:35","date_gmt":"2025-10-09T09:50:35","guid":{"rendered":"http:\/\/hexexist.com\/product\/woocommerce-icin-indirim-kurallari\/"},"modified":"2025-10-09T09:50:35","modified_gmt":"2025-10-09T09:50:35","slug":"woocommerce-icin-indirim-kurallari","status":"publish","type":"product","link":"https:\/\/hexexist.com\/tr\/urun\/woocommerce-icin-indirim-kurallari\/","title":{"rendered":"WooCommerce i\u00e7in \u0130ndirim Kurallar\u0131"},"content":{"rendered":"<p>Discount Rules for WooCommerce, WooCommerce i\u00e7in her t\u00fcrl\u00fc toplu indirim, miktar indirimleri, \u00fcr\u00fcne \u00f6zel indirimler, dinamik fiyatland\u0131rma, ko\u015fullara dayal\u0131 geli\u015fmi\u015f indirimler, y\u00fczde indirimleri, katmanl\u0131 fiyat indirimleri ve daha fazlas\u0131n\u0131 olu\u015fturman\u0131za yard\u0131mc\u0131 olan dinamik bir fiyatland\u0131rma ve indirim eklentisidir.<\/p>\n","protected":false},"excerpt":{"rendered":"<p>Discount Rules for WooCommerce, WooCommerce i\u00e7in her t\u00fcrl\u00fc toplu indirim, miktar indirimleri, \u00fcr\u00fcne \u00f6zel indirimler, dinamik fiyatland\u0131rma, ko\u015fullara dayal\u0131 geli\u015fmi\u015f indirimler, y\u00fczde indirimleri, katmanl\u0131 fiyat indirimleri ve daha fazlas\u0131n\u0131 olu\u015fturman\u0131za yard\u0131mc\u0131 olan dinamik bir fiyatland\u0131rma ve indirim eklentisidir.<\/p>\n","protected":false},"featured_media":13260,"comment_status":"open","ping_status":"closed","template":"","meta":[],"product_brand":[],"product_cat":[1413],"product_tag":[1850,1848,1846,1845,1459],"class_list":{"0":"post-13839","1":"product","2":"type-product","3":"status-publish","4":"has-post-thumbnail","6":"product_cat-eklentiler","7":"product_tag-dinamik-fiyatlandirma","8":"product_tag-indirimler","9":"product_tag-kuponlar","10":"product_tag-toplu-indirim","11":"product_tag-woocommerce-tr","13":"first","14":"instock","15":"downloadable","16":"virtual","17":"product-type-simple"},"_links":{"self":[{"href":"https:\/\/hexexist.com\/tr\/wp-json\/wp\/v2\/product\/13839","targetHints":{"allow":["GET"]}}],"collection":[{"href":"https:\/\/hexexist.com\/tr\/wp-json\/wp\/v2\/product"}],"about":[{"href":"https:\/\/hexexist.com\/tr\/wp-json\/wp\/v2\/types\/product"}],"replies":[{"embeddable":true,"href":"https:\/\/hexexist.com\/tr\/wp-json\/wp\/v2\/comments?post=13839"}],"wp:featuredmedia":[{"embeddable":true,"href":"https:\/\/hexexist.com\/tr\/wp-json\/wp\/v2\/media\/13260"}],"wp:attachment":[{"href":"https:\/\/hexexist.com\/tr\/wp-json\/wp\/v2\/media?parent=13839"}],"wp:term":[{"taxonomy":"product_brand","embeddable":true,"href":"https:\/\/hexexist.com\/tr\/wp-json\/wp\/v2\/product_brand?post=13839"},{"taxonomy":"product_cat","embeddable":true,"href":"https:\/\/hexexist.com\/tr\/wp-json\/wp\/v2\/product_cat?post=13839"},{"taxonomy":"product_tag","embeddable":true,"href":"https:\/\/hexexist.com\/tr\/wp-json\/wp\/v2\/product_tag?post=13839"}],"curies":[{"name":"wp","href":"https:\/\/api.w.org\/{rel}","templated":true}]}}