{"id":13840,"date":"2025-10-09T09:50:37","date_gmt":"2025-10-09T09:50:37","guid":{"rendered":"http:\/\/hexexist.com\/product\/yinelenen-menu\/"},"modified":"2025-10-09T09:50:37","modified_gmt":"2025-10-09T09:50:37","slug":"yinelenen-menu","status":"publish","type":"product","link":"https:\/\/hexexist.com\/tr\/urun\/yinelenen-menu\/","title":{"rendered":"Yinelenen Men\u00fc"},"content":{"rendered":"<p>Baz\u0131 WordPress kurulumlar\u0131 \u00e7ekirdek Men\u00fcler taraf\u0131ndan desteklenen \u00e7ok ayr\u0131nt\u0131l\u0131 navigasyon sistemleri kullan\u0131r. Bunlar genellikle bir temay\u0131 olu\u015fturabilecek ya da bozabilecek harika bir \u00f6zelliktir. Ancak men\u00fcler kutudan \u00e7\u0131kar \u00e7\u0131kmaz pek ta\u015f\u0131nabilir de\u011fildir. E\u011fer bir men\u00fcde de\u011fi\u015fiklik yapmak istiyorsan\u0131z, eski s\u00fcr\u00fcme geri d\u00f6nmek i\u00e7in h\u0131zl\u0131 bir yol olmadan canl\u0131 olarak \u00e7al\u0131\u015f\u0131yorsunuz demektir. \u0130\u015fte burada Duplicate Menu devreye giriyor.    <\/p>\n","protected":false},"excerpt":{"rendered":"<p>Baz\u0131 WordPress kurulumlar\u0131 \u00e7ekirdek Men\u00fcler taraf\u0131ndan desteklenen \u00e7ok ayr\u0131nt\u0131l\u0131 navigasyon sistemleri kullan\u0131r. Bunlar genellikle bir temay\u0131 olu\u015fturabilecek ya da bozabilecek harika bir \u00f6zelliktir. Ancak men\u00fcler kutudan \u00e7\u0131kar \u00e7\u0131kmaz pek ta\u015f\u0131nabilir de\u011fildir. E\u011fer bir men\u00fcde de\u011fi\u015fiklik yapmak istiyorsan\u0131z, eski s\u00fcr\u00fcme geri d\u00f6nmek i\u00e7in h\u0131zl\u0131 bir yol olmadan canl\u0131 olarak \u00e7al\u0131\u015f\u0131yorsunuz demektir. \u0130\u015fte burada Duplicate Menu devreye [&hellip;]<\/p>\n","protected":false},"featured_media":13268,"comment_status":"open","ping_status":"closed","template":"","meta":[],"product_brand":[],"product_cat":[1413],"product_tag":[1849,1761,1847,1686],"class_list":{"0":"post-13840","1":"product","2":"type-product","3":"status-publish","4":"has-post-thumbnail","6":"product_cat-eklentiler","7":"product_tag-cogaltmak","8":"product_tag-klon","9":"product_tag-kopya","10":"product_tag-menu-tr","12":"first","13":"instock","14":"downloadable","15":"virtual","16":"product-type-simple"},"_links":{"self":[{"href":"https:\/\/hexexist.com\/tr\/wp-json\/wp\/v2\/product\/13840","targetHints":{"allow":["GET"]}}],"collection":[{"href":"https:\/\/hexexist.com\/tr\/wp-json\/wp\/v2\/product"}],"about":[{"href":"https:\/\/hexexist.com\/tr\/wp-json\/wp\/v2\/types\/product"}],"replies":[{"embeddable":true,"href":"https:\/\/hexexist.com\/tr\/wp-json\/wp\/v2\/comments?post=13840"}],"wp:featuredmedia":[{"embeddable":true,"href":"https:\/\/hexexist.com\/tr\/wp-json\/wp\/v2\/media\/13268"}],"wp:attachment":[{"href":"https:\/\/hexexist.com\/tr\/wp-json\/wp\/v2\/media?parent=13840"}],"wp:term":[{"taxonomy":"product_brand","embeddable":true,"href":"https:\/\/hexexist.com\/tr\/wp-json\/wp\/v2\/product_brand?post=13840"},{"taxonomy":"product_cat","embeddable":true,"href":"https:\/\/hexexist.com\/tr\/wp-json\/wp\/v2\/product_cat?post=13840"},{"taxonomy":"product_tag","embeddable":true,"href":"https:\/\/hexexist.com\/tr\/wp-json\/wp\/v2\/product_tag?post=13840"}],"curies":[{"name":"wp","href":"https:\/\/api.w.org\/{rel}","templated":true}]}}