{"id":13841,"date":"2025-10-09T09:50:35","date_gmt":"2025-10-09T09:50:35","guid":{"rendered":"http:\/\/hexexist.com\/product\/vk-bloklari\/"},"modified":"2025-10-09T09:50:35","modified_gmt":"2025-10-09T09:50:35","slug":"vk-bloklari","status":"publish","type":"product","link":"https:\/\/hexexist.com\/tr\/urun\/vk-bloklari\/","title":{"rendered":"VK Bloklar\u0131"},"content":{"rendered":"<p>Bu, Gutenberg&#8217;in bloklar\u0131n\u0131 geni\u015fleten bir eklentidir.<\/p>\n","protected":false},"excerpt":{"rendered":"<p>Bu, Gutenberg&#8217;in bloklar\u0131n\u0131 geni\u015fleten bir eklentidir.<\/p>\n","protected":false},"featured_media":13259,"comment_status":"open","ping_status":"closed","template":"","meta":[],"product_brand":[],"product_cat":[1413],"product_tag":[1526,1852,1851],"class_list":{"0":"post-13841","1":"product","2":"type-product","3":"status-publish","4":"has-post-thumbnail","6":"product_cat-eklentiler","7":"product_tag-gutenberg-tr","8":"product_tag-sss","9":"product_tag-uyari","11":"first","12":"instock","13":"downloadable","14":"virtual","15":"product-type-simple"},"_links":{"self":[{"href":"https:\/\/hexexist.com\/tr\/wp-json\/wp\/v2\/product\/13841","targetHints":{"allow":["GET"]}}],"collection":[{"href":"https:\/\/hexexist.com\/tr\/wp-json\/wp\/v2\/product"}],"about":[{"href":"https:\/\/hexexist.com\/tr\/wp-json\/wp\/v2\/types\/product"}],"replies":[{"embeddable":true,"href":"https:\/\/hexexist.com\/tr\/wp-json\/wp\/v2\/comments?post=13841"}],"wp:featuredmedia":[{"embeddable":true,"href":"https:\/\/hexexist.com\/tr\/wp-json\/wp\/v2\/media\/13259"}],"wp:attachment":[{"href":"https:\/\/hexexist.com\/tr\/wp-json\/wp\/v2\/media?parent=13841"}],"wp:term":[{"taxonomy":"product_brand","embeddable":true,"href":"https:\/\/hexexist.com\/tr\/wp-json\/wp\/v2\/product_brand?post=13841"},{"taxonomy":"product_cat","embeddable":true,"href":"https:\/\/hexexist.com\/tr\/wp-json\/wp\/v2\/product_cat?post=13841"},{"taxonomy":"product_tag","embeddable":true,"href":"https:\/\/hexexist.com\/tr\/wp-json\/wp\/v2\/product_tag?post=13841"}],"curies":[{"name":"wp","href":"https:\/\/api.w.org\/{rel}","templated":true}]}}