{"id":13842,"date":"2025-10-09T09:50:29","date_gmt":"2025-10-09T09:50:29","guid":{"rendered":"http:\/\/hexexist.com\/product\/iletisim-formu-7-dinamik-metin-uzantisi\/"},"modified":"2025-10-09T09:50:29","modified_gmt":"2025-10-09T09:50:29","slug":"iletisim-formu-7-dinamik-metin-uzantisi","status":"publish","type":"product","link":"https:\/\/hexexist.com\/tr\/urun\/iletisim-formu-7-dinamik-metin-uzantisi\/","title":{"rendered":"\u0130leti\u015fim Formu 7 Dinamik Metin Uzant\u0131s\u0131"},"content":{"rendered":"<p>Contact Form 7 m\u00fckemmel bir WordPress eklentisidir ve ileti\u015fim formlar\u0131 i\u00e7in \u00fccretsiz WordPress eklentileri aras\u0131nda en iyi se\u00e7eneklerden biridir. Contact Form 7 Dynamic Text Extension (DTX) dinamik i\u00e7erik \u00f6zellikleri ekleyerek onu daha da harika hale getiriyor. Contact Form 7&#8217;deki varsay\u0131lan de\u011ferler statik olsa da, DTX di\u011fer konumlardan \u00e7ekilen \u00f6nceden doldurulmu\u015f alanlar olu\u015fturman\u0131za olanak tan\u0131r. Baz\u0131 \u00f6rnekler \u015funlar\u0131 i\u00e7erebilir:   <\/p>\n","protected":false},"excerpt":{"rendered":"<p>Contact Form 7 m\u00fckemmel bir WordPress eklentisidir ve ileti\u015fim formlar\u0131 i\u00e7in \u00fccretsiz WordPress eklentileri aras\u0131nda en iyi se\u00e7eneklerden biridir. Contact Form 7 Dynamic Text Extension (DTX) dinamik i\u00e7erik \u00f6zellikleri ekleyerek onu daha da harika hale getiriyor. Contact Form 7&#8217;deki varsay\u0131lan de\u011ferler statik olsa da, DTX di\u011fer konumlardan \u00e7ekilen \u00f6nceden doldurulmu\u015f alanlar olu\u015fturman\u0131za olanak tan\u0131r. Baz\u0131 [&hellip;]<\/p>\n","protected":false},"featured_media":13224,"comment_status":"open","ping_status":"closed","template":"","meta":[],"product_brand":[],"product_cat":[1413],"product_tag":[1855,1543,1853],"class_list":{"0":"post-13842","1":"product","2":"type-product","3":"status-publish","4":"has-post-thumbnail","6":"product_cat-eklentiler","7":"product_tag-form-alani","8":"product_tag-iletisim-formu-7","9":"product_tag-otomatik-doldurma","11":"first","12":"instock","13":"downloadable","14":"virtual","15":"product-type-simple"},"_links":{"self":[{"href":"https:\/\/hexexist.com\/tr\/wp-json\/wp\/v2\/product\/13842","targetHints":{"allow":["GET"]}}],"collection":[{"href":"https:\/\/hexexist.com\/tr\/wp-json\/wp\/v2\/product"}],"about":[{"href":"https:\/\/hexexist.com\/tr\/wp-json\/wp\/v2\/types\/product"}],"replies":[{"embeddable":true,"href":"https:\/\/hexexist.com\/tr\/wp-json\/wp\/v2\/comments?post=13842"}],"wp:featuredmedia":[{"embeddable":true,"href":"https:\/\/hexexist.com\/tr\/wp-json\/wp\/v2\/media\/13224"}],"wp:attachment":[{"href":"https:\/\/hexexist.com\/tr\/wp-json\/wp\/v2\/media?parent=13842"}],"wp:term":[{"taxonomy":"product_brand","embeddable":true,"href":"https:\/\/hexexist.com\/tr\/wp-json\/wp\/v2\/product_brand?post=13842"},{"taxonomy":"product_cat","embeddable":true,"href":"https:\/\/hexexist.com\/tr\/wp-json\/wp\/v2\/product_cat?post=13842"},{"taxonomy":"product_tag","embeddable":true,"href":"https:\/\/hexexist.com\/tr\/wp-json\/wp\/v2\/product_tag?post=13842"}],"curies":[{"name":"wp","href":"https:\/\/api.w.org\/{rel}","templated":true}]}}