{"id":13843,"date":"2025-10-09T09:50:30","date_gmt":"2025-10-09T09:50:30","guid":{"rendered":"http:\/\/hexexist.com\/product\/minimal-cok-yakinda-cok-yakinda-sayfasi\/"},"modified":"2025-10-09T09:50:30","modified_gmt":"2025-10-09T09:50:30","slug":"minimal-cok-yakinda-cok-yakinda-sayfasi","status":"publish","type":"product","link":"https:\/\/hexexist.com\/tr\/urun\/minimal-cok-yakinda-cok-yakinda-sayfasi\/","title":{"rendered":"Minimal \u00c7ok Yak\u0131nda \u00c7ok Yak\u0131nda Sayfas\u0131"},"content":{"rendered":"<p>Minimal Coming Soon &amp; Maintenance Mode eklentisi web siteniz i\u00e7in h\u0131zl\u0131 ve kolay bir \u015fekilde Coming Soon Page, Maintenance Mode Page , Landing Page veya Launch Page olu\u015fturman\u0131z\u0131 sa\u011flar. Herhangi bir yeni siteye bir Yak\u0131nda Sayfas\u0131 ile ba\u015flamak ve ilk g\u00fcnden itibaren potansiyel m\u00fc\u015fteriler toplamak en iyisidir! <\/p>\n","protected":false},"excerpt":{"rendered":"<p>Minimal Coming Soon &amp; Maintenance Mode eklentisi web siteniz i\u00e7in h\u0131zl\u0131 ve kolay bir \u015fekilde Coming Soon Page, Maintenance Mode Page , Landing Page veya Launch Page olu\u015fturman\u0131z\u0131 sa\u011flar. Herhangi bir yeni siteye bir Yak\u0131nda Sayfas\u0131 ile ba\u015flamak ve ilk g\u00fcnden itibaren potansiyel m\u00fc\u015fteriler toplamak en iyisidir!<\/p>\n","protected":false},"featured_media":13232,"comment_status":"open","ping_status":"closed","template":"","meta":[],"product_brand":[],"product_cat":[1413],"product_tag":[1857,1854,1858,1856],"class_list":{"0":"post-13843","1":"product","2":"type-product","3":"status-publish","4":"has-post-thumbnail","6":"product_cat-eklentiler","7":"product_tag-bakim-modu","8":"product_tag-cok-yakinda","9":"product_tag-cok-yakinda-modu","10":"product_tag-cok-yakinda-sayfasi","12":"first","13":"instock","14":"downloadable","15":"virtual","16":"product-type-simple"},"_links":{"self":[{"href":"https:\/\/hexexist.com\/tr\/wp-json\/wp\/v2\/product\/13843","targetHints":{"allow":["GET"]}}],"collection":[{"href":"https:\/\/hexexist.com\/tr\/wp-json\/wp\/v2\/product"}],"about":[{"href":"https:\/\/hexexist.com\/tr\/wp-json\/wp\/v2\/types\/product"}],"replies":[{"embeddable":true,"href":"https:\/\/hexexist.com\/tr\/wp-json\/wp\/v2\/comments?post=13843"}],"wp:featuredmedia":[{"embeddable":true,"href":"https:\/\/hexexist.com\/tr\/wp-json\/wp\/v2\/media\/13232"}],"wp:attachment":[{"href":"https:\/\/hexexist.com\/tr\/wp-json\/wp\/v2\/media?parent=13843"}],"wp:term":[{"taxonomy":"product_brand","embeddable":true,"href":"https:\/\/hexexist.com\/tr\/wp-json\/wp\/v2\/product_brand?post=13843"},{"taxonomy":"product_cat","embeddable":true,"href":"https:\/\/hexexist.com\/tr\/wp-json\/wp\/v2\/product_cat?post=13843"},{"taxonomy":"product_tag","embeddable":true,"href":"https:\/\/hexexist.com\/tr\/wp-json\/wp\/v2\/product_tag?post=13843"}],"curies":[{"name":"wp","href":"https:\/\/api.w.org\/{rel}","templated":true}]}}