{"id":13844,"date":"2025-10-09T09:50:29","date_gmt":"2025-10-09T09:50:29","guid":{"rendered":"http:\/\/hexexist.com\/product\/3cx-ucretsiz-canli-sohbet-aramalar-ve-mesajlasma\/"},"modified":"2025-10-09T09:50:29","modified_gmt":"2025-10-09T09:50:29","slug":"3cx-ucretsiz-canli-sohbet-aramalar-ve-mesajlasma","status":"publish","type":"product","link":"https:\/\/hexexist.com\/tr\/urun\/3cx-ucretsiz-canli-sohbet-aramalar-ve-mesajlasma\/","title":{"rendered":"3CX \u00dccretsiz Canl\u0131 Sohbet, Aramalar ve Mesajla\u015fma"},"content":{"rendered":"<p>\u00dccretsiz 3CX Canl\u0131 Sohbet eklentisi ile \u00e7evrimi\u00e7i d\u00f6n\u00fc\u015f\u00fcmlerinizi art\u0131r\u0131n. Web sitenizin ziyaret\u00e7ileriyle ger\u00e7ek zamanl\u0131 olarak sohbet edin ve aray\u0131n, sadece bu kadar da de\u011fil! <\/p>\n","protected":false},"excerpt":{"rendered":"<p>\u00dccretsiz 3CX Canl\u0131 Sohbet eklentisi ile \u00e7evrimi\u00e7i d\u00f6n\u00fc\u015f\u00fcmlerinizi art\u0131r\u0131n. Web sitenizin ziyaret\u00e7ileriyle ger\u00e7ek zamanl\u0131 olarak sohbet edin ve aray\u0131n, sadece bu kadar da de\u011fil!<\/p>\n","protected":false},"featured_media":13223,"comment_status":"open","ping_status":"closed","template":"","meta":[],"product_brand":[],"product_cat":[1413],"product_tag":[1860,1477,1859,1479,1862],"class_list":{"0":"post-13844","1":"product","2":"type-product","3":"status-publish","4":"has-post-thumbnail","6":"product_cat-eklentiler","7":"product_tag-canli-destek","8":"product_tag-canli-sohbet","9":"product_tag-canli-yardim","10":"product_tag-ucretsiz-canli-sohbet","11":"product_tag-wordpress-canli-sohbet","13":"first","14":"instock","15":"downloadable","16":"virtual","17":"product-type-simple"},"_links":{"self":[{"href":"https:\/\/hexexist.com\/tr\/wp-json\/wp\/v2\/product\/13844","targetHints":{"allow":["GET"]}}],"collection":[{"href":"https:\/\/hexexist.com\/tr\/wp-json\/wp\/v2\/product"}],"about":[{"href":"https:\/\/hexexist.com\/tr\/wp-json\/wp\/v2\/types\/product"}],"replies":[{"embeddable":true,"href":"https:\/\/hexexist.com\/tr\/wp-json\/wp\/v2\/comments?post=13844"}],"wp:featuredmedia":[{"embeddable":true,"href":"https:\/\/hexexist.com\/tr\/wp-json\/wp\/v2\/media\/13223"}],"wp:attachment":[{"href":"https:\/\/hexexist.com\/tr\/wp-json\/wp\/v2\/media?parent=13844"}],"wp:term":[{"taxonomy":"product_brand","embeddable":true,"href":"https:\/\/hexexist.com\/tr\/wp-json\/wp\/v2\/product_brand?post=13844"},{"taxonomy":"product_cat","embeddable":true,"href":"https:\/\/hexexist.com\/tr\/wp-json\/wp\/v2\/product_cat?post=13844"},{"taxonomy":"product_tag","embeddable":true,"href":"https:\/\/hexexist.com\/tr\/wp-json\/wp\/v2\/product_tag?post=13844"}],"curies":[{"name":"wp","href":"https:\/\/api.w.org\/{rel}","templated":true}]}}