{"id":13845,"date":"2025-10-09T09:50:30","date_gmt":"2025-10-09T09:50:30","guid":{"rendered":"http:\/\/hexexist.com\/product\/luckywp-icindekiler\/"},"modified":"2025-10-09T09:50:30","modified_gmt":"2025-10-09T09:50:30","slug":"luckywp-icindekiler","status":"publish","type":"product","link":"https:\/\/hexexist.com\/tr\/urun\/luckywp-icindekiler\/","title":{"rendered":"LuckyWP \u0130\u00e7indekiler"},"content":{"rendered":"<p>Yaz\u0131lar\u0131n\u0131z, sayfalar\u0131n\u0131z veya \u00f6zel yaz\u0131 t\u00fcrleriniz i\u00e7in SEO dostu i\u00e7indekiler tablosu olu\u015fturur. Harika \u00f6zelle\u015ftirilebilir g\u00f6r\u00fcn\u00fcm. <\/p>\n","protected":false},"excerpt":{"rendered":"<p>Yaz\u0131lar\u0131n\u0131z, sayfalar\u0131n\u0131z veya \u00f6zel yaz\u0131 t\u00fcrleriniz i\u00e7in SEO dostu i\u00e7indekiler tablosu olu\u015fturur. Harika \u00f6zelle\u015ftirilebilir g\u00f6r\u00fcn\u00fcm.<\/p>\n","protected":false},"featured_media":13231,"comment_status":"open","ping_status":"closed","template":"","meta":[],"product_brand":[],"product_cat":[1413],"product_tag":[1861,1863,1530,1583,1864],"class_list":{"0":"post-13845","1":"product","2":"type-product","3":"status-publish","4":"has-post-thumbnail","6":"product_cat-eklentiler","7":"product_tag-baglantilar","8":"product_tag-icindekiler","9":"product_tag-navigasyon","10":"product_tag-seo-tr","11":"product_tag-toc-tr","13":"first","14":"instock","15":"downloadable","16":"virtual","17":"product-type-simple"},"_links":{"self":[{"href":"https:\/\/hexexist.com\/tr\/wp-json\/wp\/v2\/product\/13845","targetHints":{"allow":["GET"]}}],"collection":[{"href":"https:\/\/hexexist.com\/tr\/wp-json\/wp\/v2\/product"}],"about":[{"href":"https:\/\/hexexist.com\/tr\/wp-json\/wp\/v2\/types\/product"}],"replies":[{"embeddable":true,"href":"https:\/\/hexexist.com\/tr\/wp-json\/wp\/v2\/comments?post=13845"}],"wp:featuredmedia":[{"embeddable":true,"href":"https:\/\/hexexist.com\/tr\/wp-json\/wp\/v2\/media\/13231"}],"wp:attachment":[{"href":"https:\/\/hexexist.com\/tr\/wp-json\/wp\/v2\/media?parent=13845"}],"wp:term":[{"taxonomy":"product_brand","embeddable":true,"href":"https:\/\/hexexist.com\/tr\/wp-json\/wp\/v2\/product_brand?post=13845"},{"taxonomy":"product_cat","embeddable":true,"href":"https:\/\/hexexist.com\/tr\/wp-json\/wp\/v2\/product_cat?post=13845"},{"taxonomy":"product_tag","embeddable":true,"href":"https:\/\/hexexist.com\/tr\/wp-json\/wp\/v2\/product_tag?post=13845"}],"curies":[{"name":"wp","href":"https:\/\/api.w.org\/{rel}","templated":true}]}}