{"id":13846,"date":"2025-10-09T09:50:29","date_gmt":"2025-10-09T09:50:29","guid":{"rendered":"http:\/\/hexexist.com\/product\/stripe-woocommerce-icin-odeme-eklentileri\/"},"modified":"2025-10-09T09:50:29","modified_gmt":"2025-10-09T09:50:29","slug":"stripe-woocommerce-icin-odeme-eklentileri","status":"publish","type":"product","link":"https:\/\/hexexist.com\/tr\/urun\/stripe-woocommerce-icin-odeme-eklentileri\/","title":{"rendered":"Stripe WooCommerce i\u00e7in \u00d6deme Eklentileri"},"content":{"rendered":"<p>Kredi Kartlar\u0131, Google Pay, ApplePay, Afterpay, Affirm, ACH, Klarna, iDEAL ve daha fazlas\u0131n\u0131 tek bir eklentide \u00fccretsiz olarak kabul edin!<\/p>\n","protected":false},"excerpt":{"rendered":"<p>Kredi Kartlar\u0131, Google Pay, ApplePay, Afterpay, Affirm, ACH, Klarna, iDEAL ve daha fazlas\u0131n\u0131 tek bir eklentide \u00fccretsiz olarak kabul edin!<\/p>\n","protected":false},"featured_media":13222,"comment_status":"open","ping_status":"closed","template":"","meta":[],"product_brand":[],"product_cat":[1413],"product_tag":[1866,1868,1870,1707,1865],"class_list":{"0":"post-13846","1":"product","2":"type-product","3":"status-publish","4":"has-post-thumbnail","6":"product_cat-eklentiler","7":"product_tag-elma-odeme","8":"product_tag-google-odeme","9":"product_tag-klarna-tr","10":"product_tag-kredi-karti","11":"product_tag-serit","13":"first","14":"instock","15":"downloadable","16":"virtual","17":"product-type-simple"},"_links":{"self":[{"href":"https:\/\/hexexist.com\/tr\/wp-json\/wp\/v2\/product\/13846","targetHints":{"allow":["GET"]}}],"collection":[{"href":"https:\/\/hexexist.com\/tr\/wp-json\/wp\/v2\/product"}],"about":[{"href":"https:\/\/hexexist.com\/tr\/wp-json\/wp\/v2\/types\/product"}],"replies":[{"embeddable":true,"href":"https:\/\/hexexist.com\/tr\/wp-json\/wp\/v2\/comments?post=13846"}],"wp:featuredmedia":[{"embeddable":true,"href":"https:\/\/hexexist.com\/tr\/wp-json\/wp\/v2\/media\/13222"}],"wp:attachment":[{"href":"https:\/\/hexexist.com\/tr\/wp-json\/wp\/v2\/media?parent=13846"}],"wp:term":[{"taxonomy":"product_brand","embeddable":true,"href":"https:\/\/hexexist.com\/tr\/wp-json\/wp\/v2\/product_brand?post=13846"},{"taxonomy":"product_cat","embeddable":true,"href":"https:\/\/hexexist.com\/tr\/wp-json\/wp\/v2\/product_cat?post=13846"},{"taxonomy":"product_tag","embeddable":true,"href":"https:\/\/hexexist.com\/tr\/wp-json\/wp\/v2\/product_tag?post=13846"}],"curies":[{"name":"wp","href":"https:\/\/api.w.org\/{rel}","templated":true}]}}