{"id":13847,"date":"2025-10-09T09:50:30","date_gmt":"2025-10-09T09:50:30","guid":{"rendered":"http:\/\/hexexist.com\/product\/kubio-ai-sayfa-olusturucu\/"},"modified":"2025-10-09T09:50:30","modified_gmt":"2025-10-09T09:50:30","slug":"kubio-ai-sayfa-olusturucu","status":"publish","type":"product","link":"https:\/\/hexexist.com\/tr\/urun\/kubio-ai-sayfa-olusturucu\/","title":{"rendered":"Kubio AI Sayfa Olu\u015fturucu"},"content":{"rendered":"<p>Yapay zekan\u0131n g\u00fcc\u00fcn\u00fc kullanan Kubio, web sitenizin ilk tasla\u011f\u0131n\u0131 olu\u015fturarak size bir avantaj sa\u011flar ve bu tasla\u011f\u0131 istedi\u011finiz gibi \u00f6zelle\u015ftirebilirsiniz.<\/p>\n","protected":false},"excerpt":{"rendered":"<p>Yapay zekan\u0131n g\u00fcc\u00fcn\u00fc kullanan Kubio, web sitenizin ilk tasla\u011f\u0131n\u0131 olu\u015fturarak size bir avantaj sa\u011flar ve bu tasla\u011f\u0131 istedi\u011finiz gibi \u00f6zelle\u015ftirebilirsiniz.<\/p>\n","protected":false},"featured_media":13230,"comment_status":"open","ping_status":"closed","template":"","meta":[],"product_brand":[],"product_cat":[1413],"product_tag":[1867,1529,1526,1535,1869],"class_list":{"0":"post-13847","1":"product","2":"type-product","3":"status-publish","4":"has-post-thumbnail","6":"product_cat-eklentiler","7":"product_tag-acilis-sayfasi","8":"product_tag-bloklar","9":"product_tag-gutenberg-tr","10":"product_tag-sayfa-olusturucu","11":"product_tag-web-sitesi-olusturucu","13":"first","14":"instock","15":"downloadable","16":"virtual","17":"product-type-simple"},"_links":{"self":[{"href":"https:\/\/hexexist.com\/tr\/wp-json\/wp\/v2\/product\/13847","targetHints":{"allow":["GET"]}}],"collection":[{"href":"https:\/\/hexexist.com\/tr\/wp-json\/wp\/v2\/product"}],"about":[{"href":"https:\/\/hexexist.com\/tr\/wp-json\/wp\/v2\/types\/product"}],"replies":[{"embeddable":true,"href":"https:\/\/hexexist.com\/tr\/wp-json\/wp\/v2\/comments?post=13847"}],"wp:featuredmedia":[{"embeddable":true,"href":"https:\/\/hexexist.com\/tr\/wp-json\/wp\/v2\/media\/13230"}],"wp:attachment":[{"href":"https:\/\/hexexist.com\/tr\/wp-json\/wp\/v2\/media?parent=13847"}],"wp:term":[{"taxonomy":"product_brand","embeddable":true,"href":"https:\/\/hexexist.com\/tr\/wp-json\/wp\/v2\/product_brand?post=13847"},{"taxonomy":"product_cat","embeddable":true,"href":"https:\/\/hexexist.com\/tr\/wp-json\/wp\/v2\/product_cat?post=13847"},{"taxonomy":"product_tag","embeddable":true,"href":"https:\/\/hexexist.com\/tr\/wp-json\/wp\/v2\/product_tag?post=13847"}],"curies":[{"name":"wp","href":"https:\/\/api.w.org\/{rel}","templated":true}]}}