{"id":13848,"date":"2025-10-09T09:50:30","date_gmt":"2025-10-09T09:50:30","guid":{"rendered":"http:\/\/hexexist.com\/product\/indexnow-eklentisi\/"},"modified":"2025-10-09T09:50:30","modified_gmt":"2025-10-09T09:50:30","slug":"indexnow-eklentisi","status":"publish","type":"product","link":"https:\/\/hexexist.com\/tr\/urun\/indexnow-eklentisi\/","title":{"rendered":"IndexNow Eklentisi"},"content":{"rendered":"<p>WordPress i\u00e7in IndexNow Eklentisi, WordPress sitelerindeki URL&#8217;lerin, sitenizi birden fazla arama motoruna kaydetmeye ve do\u011frulamaya gerek kalmadan otomatik olarak g\u00f6nderilmesini sa\u011flar. Eklenti kurulduktan sonra API anahtar\u0131n\u0131 otomatik olarak olu\u015fturacak ve sitenizde bar\u0131nd\u0131racakt\u0131r. WordPress&#8217;te sayfa olu\u015fturma\/g\u00fcncelleme\/silme i\u015flemlerini alg\u0131lar ve URL&#8217;leri arka planda otomatik olarak g\u00f6nderir. Bu, arama motorlar\u0131n\u0131n siteniz hakk\u0131nda her zaman en son g\u00fcncellemelere sahip olmas\u0131n\u0131 sa\u011flar. Bu eklenti URL&#8217;leri genel bir u\u00e7 noktaya https:\/\/api.indexnow.org\/indexnow g\u00f6nderir ve bu URL&#8217;ler t\u00fcm kat\u0131l\u0131mc\u0131 arama motorlar\u0131yla payla\u015f\u0131l\u0131r.    <\/p>\n","protected":false},"excerpt":{"rendered":"<p>WordPress i\u00e7in IndexNow Eklentisi, WordPress sitelerindeki URL&#8217;lerin, sitenizi birden fazla arama motoruna kaydetmeye ve do\u011frulamaya gerek kalmadan otomatik olarak g\u00f6nderilmesini sa\u011flar. Eklenti kurulduktan sonra API anahtar\u0131n\u0131 otomatik olarak olu\u015fturacak ve sitenizde bar\u0131nd\u0131racakt\u0131r. WordPress&#8217;te sayfa olu\u015fturma\/g\u00fcncelleme\/silme i\u015flemlerini alg\u0131lar ve URL&#8217;leri arka planda otomatik olarak g\u00f6nderir. Bu, arama motorlar\u0131n\u0131n siteniz hakk\u0131nda her zaman en son g\u00fcncellemelere sahip [&hellip;]<\/p>\n","protected":false},"featured_media":13229,"comment_status":"open","ping_status":"closed","template":"","meta":[],"product_brand":[],"product_cat":[1413],"product_tag":[1583,1871],"class_list":{"0":"post-13848","1":"product","2":"type-product","3":"status-publish","4":"has-post-thumbnail","6":"product_cat-eklentiler","7":"product_tag-seo-tr","8":"product_tag-surunme","10":"first","11":"instock","12":"downloadable","13":"virtual","14":"product-type-simple"},"_links":{"self":[{"href":"https:\/\/hexexist.com\/tr\/wp-json\/wp\/v2\/product\/13848","targetHints":{"allow":["GET"]}}],"collection":[{"href":"https:\/\/hexexist.com\/tr\/wp-json\/wp\/v2\/product"}],"about":[{"href":"https:\/\/hexexist.com\/tr\/wp-json\/wp\/v2\/types\/product"}],"replies":[{"embeddable":true,"href":"https:\/\/hexexist.com\/tr\/wp-json\/wp\/v2\/comments?post=13848"}],"wp:featuredmedia":[{"embeddable":true,"href":"https:\/\/hexexist.com\/tr\/wp-json\/wp\/v2\/media\/13229"}],"wp:attachment":[{"href":"https:\/\/hexexist.com\/tr\/wp-json\/wp\/v2\/media?parent=13848"}],"wp:term":[{"taxonomy":"product_brand","embeddable":true,"href":"https:\/\/hexexist.com\/tr\/wp-json\/wp\/v2\/product_brand?post=13848"},{"taxonomy":"product_cat","embeddable":true,"href":"https:\/\/hexexist.com\/tr\/wp-json\/wp\/v2\/product_cat?post=13848"},{"taxonomy":"product_tag","embeddable":true,"href":"https:\/\/hexexist.com\/tr\/wp-json\/wp\/v2\/product_tag?post=13848"}],"curies":[{"name":"wp","href":"https:\/\/api.w.org\/{rel}","templated":true}]}}