{"id":13849,"date":"2025-10-09T09:50:30","date_gmt":"2025-10-09T09:50:30","guid":{"rendered":"http:\/\/hexexist.com\/product\/divi-icin-acilir-pencereler\/"},"modified":"2025-10-09T09:50:30","modified_gmt":"2025-10-09T09:50:30","slug":"divi-icin-acilir-pencereler","status":"publish","type":"product","link":"https:\/\/hexexist.com\/tr\/urun\/divi-icin-acilir-pencereler\/","title":{"rendered":"Divi i\u00e7in A\u00e7\u0131l\u0131r Pencereler"},"content":{"rendered":"<p>Eklenti etkinle\u015ftirildikten sonra Visual Builder, B\u00f6l\u00fcm Ayarlar\u0131 modalinde &#8220;A\u00e7\u0131l\u0131r Pencere&#8221; adl\u0131 yeni bir sekme g\u00f6r\u00fcnt\u00fcler. Popup sekmesinde, normal bir B\u00f6l\u00fcm\u00fc Popup&#8217;a d\u00f6n\u00fc\u015ft\u00fcrebilirsiniz!<\/p>\n","protected":false},"excerpt":{"rendered":"<p>Eklenti etkinle\u015ftirildikten sonra Visual Builder, B\u00f6l\u00fcm Ayarlar\u0131 modalinde &#8220;A\u00e7\u0131l\u0131r Pencere&#8221; adl\u0131 yeni bir sekme g\u00f6r\u00fcnt\u00fcler. Popup sekmesinde, normal bir B\u00f6l\u00fcm\u00fc Popup&#8217;a d\u00f6n\u00fc\u015ft\u00fcrebilirsiniz!<\/p>\n","protected":false},"featured_media":13234,"comment_status":"open","ping_status":"closed","template":"","meta":[],"product_brand":[],"product_cat":[1413],"product_tag":[1872,1873,1645],"class_list":{"0":"post-13849","1":"product","2":"type-product","3":"status-publish","4":"has-post-thumbnail","6":"product_cat-eklentiler","7":"product_tag-acilir-pencere","8":"product_tag-divi-tr","9":"product_tag-pazarlama","11":"first","12":"instock","13":"downloadable","14":"virtual","15":"product-type-simple"},"_links":{"self":[{"href":"https:\/\/hexexist.com\/tr\/wp-json\/wp\/v2\/product\/13849","targetHints":{"allow":["GET"]}}],"collection":[{"href":"https:\/\/hexexist.com\/tr\/wp-json\/wp\/v2\/product"}],"about":[{"href":"https:\/\/hexexist.com\/tr\/wp-json\/wp\/v2\/types\/product"}],"replies":[{"embeddable":true,"href":"https:\/\/hexexist.com\/tr\/wp-json\/wp\/v2\/comments?post=13849"}],"wp:featuredmedia":[{"embeddable":true,"href":"https:\/\/hexexist.com\/tr\/wp-json\/wp\/v2\/media\/13234"}],"wp:attachment":[{"href":"https:\/\/hexexist.com\/tr\/wp-json\/wp\/v2\/media?parent=13849"}],"wp:term":[{"taxonomy":"product_brand","embeddable":true,"href":"https:\/\/hexexist.com\/tr\/wp-json\/wp\/v2\/product_brand?post=13849"},{"taxonomy":"product_cat","embeddable":true,"href":"https:\/\/hexexist.com\/tr\/wp-json\/wp\/v2\/product_cat?post=13849"},{"taxonomy":"product_tag","embeddable":true,"href":"https:\/\/hexexist.com\/tr\/wp-json\/wp\/v2\/product_tag?post=13849"}],"curies":[{"name":"wp","href":"https:\/\/api.w.org\/{rel}","templated":true}]}}