{"id":13850,"date":"2025-10-09T09:50:30","date_gmt":"2025-10-09T09:50:30","guid":{"rendered":"http:\/\/hexexist.com\/product\/e-posta-adresi-kodlayici\/"},"modified":"2025-10-09T09:50:30","modified_gmt":"2025-10-09T09:50:30","slug":"e-posta-adresi-kodlayici","status":"publish","type":"product","link":"https:\/\/hexexist.com\/tr\/urun\/e-posta-adresi-kodlayici\/","title":{"rendered":"E-posta Adresi Kodlay\u0131c\u0131"},"content":{"rendered":"<p>D\u00fcz e-posta adreslerini ve mailto ba\u011flant\u0131lar\u0131n\u0131 ondal\u0131k ve onalt\u0131l\u0131k varl\u0131klara kodlayarak e-posta hasat robotlar\u0131ndan koruyan hafif bir eklenti. Yaz\u0131lar, sayfalar, yorumlar, al\u0131nt\u0131lar, metin widget&#8217;lar\u0131 ve di\u011fer filtrelenmi\u015f i\u00e7erikler \u00fczerinde etkilidir. JavaScript olmadan \u00e7al\u0131\u015f\u0131r ? sadece basit spam korumas\u0131.   <\/p>\n","protected":false},"excerpt":{"rendered":"<p>D\u00fcz e-posta adreslerini ve mailto ba\u011flant\u0131lar\u0131n\u0131 ondal\u0131k ve onalt\u0131l\u0131k varl\u0131klara kodlayarak e-posta hasat robotlar\u0131ndan koruyan hafif bir eklenti. Yaz\u0131lar, sayfalar, yorumlar, al\u0131nt\u0131lar, metin widget&#8217;lar\u0131 ve di\u011fer filtrelenmi\u015f i\u00e7erikler \u00fczerinde etkilidir. JavaScript olmadan \u00e7al\u0131\u015f\u0131r ? sadece basit spam korumas\u0131.<\/p>\n","protected":false},"featured_media":13228,"comment_status":"open","ping_status":"closed","template":"","meta":[],"product_brand":[],"product_cat":[1413],"product_tag":[1773,1874,1875,1876,1541],"class_list":{"0":"post-13850","1":"product","2":"type-product","3":"status-publish","4":"has-post-thumbnail","6":"product_cat-eklentiler","7":"product_tag-block-tr","8":"product_tag-koruma","9":"product_tag-paletli","10":"product_tag-sifreleme","11":"product_tag-spam-tr","13":"first","14":"instock","15":"downloadable","16":"virtual","17":"product-type-simple"},"_links":{"self":[{"href":"https:\/\/hexexist.com\/tr\/wp-json\/wp\/v2\/product\/13850","targetHints":{"allow":["GET"]}}],"collection":[{"href":"https:\/\/hexexist.com\/tr\/wp-json\/wp\/v2\/product"}],"about":[{"href":"https:\/\/hexexist.com\/tr\/wp-json\/wp\/v2\/types\/product"}],"replies":[{"embeddable":true,"href":"https:\/\/hexexist.com\/tr\/wp-json\/wp\/v2\/comments?post=13850"}],"wp:featuredmedia":[{"embeddable":true,"href":"https:\/\/hexexist.com\/tr\/wp-json\/wp\/v2\/media\/13228"}],"wp:attachment":[{"href":"https:\/\/hexexist.com\/tr\/wp-json\/wp\/v2\/media?parent=13850"}],"wp:term":[{"taxonomy":"product_brand","embeddable":true,"href":"https:\/\/hexexist.com\/tr\/wp-json\/wp\/v2\/product_brand?post=13850"},{"taxonomy":"product_cat","embeddable":true,"href":"https:\/\/hexexist.com\/tr\/wp-json\/wp\/v2\/product_cat?post=13850"},{"taxonomy":"product_tag","embeddable":true,"href":"https:\/\/hexexist.com\/tr\/wp-json\/wp\/v2\/product_tag?post=13850"}],"curies":[{"name":"wp","href":"https:\/\/api.w.org\/{rel}","templated":true}]}}