{"id":13851,"date":"2025-10-09T09:50:30","date_gmt":"2025-10-09T09:50:30","guid":{"rendered":"http:\/\/hexexist.com\/product\/pods-ozel-icerik-turleri-ve-alanlari\/"},"modified":"2025-10-09T09:50:30","modified_gmt":"2025-10-09T09:50:30","slug":"pods-ozel-icerik-turleri-ve-alanlari","status":"publish","type":"product","link":"https:\/\/hexexist.com\/tr\/urun\/pods-ozel-icerik-turleri-ve-alanlari\/","title":{"rendered":"Pods \u00d6zel \u0130\u00e7erik T\u00fcrleri ve Alanlar\u0131"},"content":{"rendered":"<p>Pods Framework ile t\u00fcm \u00f6zel i\u00e7erik ihtiya\u00e7lar\u0131n\u0131z\u0131 tek bir yerden y\u00f6netin.<\/p>\n","protected":false},"excerpt":{"rendered":"<p>Pods Framework ile t\u00fcm \u00f6zel i\u00e7erik ihtiya\u00e7lar\u0131n\u0131z\u0131 tek bir yerden y\u00f6netin.<\/p>\n","protected":false},"featured_media":13233,"comment_status":"open","ping_status":"closed","template":"","meta":[],"product_brand":[],"product_cat":[1413],"product_tag":[1877,1880,1727,1878,1879],"class_list":{"0":"post-13851","1":"product","2":"type-product","3":"status-publish","4":"has-post-thumbnail","6":"product_cat-eklentiler","7":"product_tag-icerik-turleri","8":"product_tag-kapsuller","9":"product_tag-ozel-alanlar","10":"product_tag-ozel-gonderi-turleri","11":"product_tag-ozel-taksonomiler","13":"first","14":"instock","15":"downloadable","16":"virtual","17":"product-type-simple"},"_links":{"self":[{"href":"https:\/\/hexexist.com\/tr\/wp-json\/wp\/v2\/product\/13851","targetHints":{"allow":["GET"]}}],"collection":[{"href":"https:\/\/hexexist.com\/tr\/wp-json\/wp\/v2\/product"}],"about":[{"href":"https:\/\/hexexist.com\/tr\/wp-json\/wp\/v2\/types\/product"}],"replies":[{"embeddable":true,"href":"https:\/\/hexexist.com\/tr\/wp-json\/wp\/v2\/comments?post=13851"}],"wp:featuredmedia":[{"embeddable":true,"href":"https:\/\/hexexist.com\/tr\/wp-json\/wp\/v2\/media\/13233"}],"wp:attachment":[{"href":"https:\/\/hexexist.com\/tr\/wp-json\/wp\/v2\/media?parent=13851"}],"wp:term":[{"taxonomy":"product_brand","embeddable":true,"href":"https:\/\/hexexist.com\/tr\/wp-json\/wp\/v2\/product_brand?post=13851"},{"taxonomy":"product_cat","embeddable":true,"href":"https:\/\/hexexist.com\/tr\/wp-json\/wp\/v2\/product_cat?post=13851"},{"taxonomy":"product_tag","embeddable":true,"href":"https:\/\/hexexist.com\/tr\/wp-json\/wp\/v2\/product_tag?post=13851"}],"curies":[{"name":"wp","href":"https:\/\/api.w.org\/{rel}","templated":true}]}}