{"id":13852,"date":"2025-10-09T09:50:31","date_gmt":"2025-10-09T09:50:31","guid":{"rendered":"http:\/\/hexexist.com\/product\/herhangi-bir-xml-csv-veya-excel-dosyasini-wordpresse-aktarma\/"},"modified":"2025-10-09T09:50:31","modified_gmt":"2025-10-09T09:50:31","slug":"herhangi-bir-xml-csv-veya-excel-dosyasini-wordpresse-aktarma","status":"publish","type":"product","link":"https:\/\/hexexist.com\/tr\/urun\/herhangi-bir-xml-csv-veya-excel-dosyasini-wordpresse-aktarma\/","title":{"rendered":"Herhangi bir XML, CSV veya Excel Dosyas\u0131n\u0131 WordPress&#8217;e Aktarma"},"content":{"rendered":"<p>  Bu harika eklenti o kadar \u00e7ok \u015feyi o kadar iyi yap\u0131yor ki t\u00fcm \u00f6zelliklerini s\u0131ralamak zor. Ama size \u015funu s\u00f6yleyeyim, ModX CMS kullanan bir \u00e7ift web sitesinin i\u00e7eri\u011fini 30 dakikadan k\u0131sa bir s\u00fcrede WordPress kurulumuna aktarabildim. \u015eaka de\u011fil! ? Alex Vasquez DigiSavvy Kurucu Orta\u011f\u0131 ve WordCamp Los Angeles Organizat\u00f6r\u00fc    <\/p>\n","protected":false},"excerpt":{"rendered":"<p>Bu harika eklenti o kadar \u00e7ok \u015feyi o kadar iyi yap\u0131yor ki t\u00fcm \u00f6zelliklerini s\u0131ralamak zor. Ama size \u015funu s\u00f6yleyeyim, ModX CMS kullanan bir \u00e7ift web sitesinin i\u00e7eri\u011fini 30 dakikadan k\u0131sa bir s\u00fcrede WordPress kurulumuna aktarabildim. \u015eaka de\u011fil! ? Alex Vasquez DigiSavvy Kurucu Orta\u011f\u0131 ve WordCamp Los Angeles Organizat\u00f6r\u00fc<\/p>\n","protected":false},"featured_media":13241,"comment_status":"open","ping_status":"closed","template":"","meta":[],"product_brand":[],"product_cat":[1413],"product_tag":[1692,1884,1886,1887,1881],"class_list":{"0":"post-13852","1":"product","2":"type-product","3":"status-publish","4":"has-post-thumbnail","6":"product_cat-eklentiler","7":"product_tag-csv-tr","8":"product_tag-datafeed-tr","9":"product_tag-wordpress-csv-ice-aktarma","10":"product_tag-wordpress-xml-ice-aktarma","11":"product_tag-xml-tr","13":"first","14":"instock","15":"downloadable","16":"virtual","17":"product-type-simple"},"_links":{"self":[{"href":"https:\/\/hexexist.com\/tr\/wp-json\/wp\/v2\/product\/13852","targetHints":{"allow":["GET"]}}],"collection":[{"href":"https:\/\/hexexist.com\/tr\/wp-json\/wp\/v2\/product"}],"about":[{"href":"https:\/\/hexexist.com\/tr\/wp-json\/wp\/v2\/types\/product"}],"replies":[{"embeddable":true,"href":"https:\/\/hexexist.com\/tr\/wp-json\/wp\/v2\/comments?post=13852"}],"wp:featuredmedia":[{"embeddable":true,"href":"https:\/\/hexexist.com\/tr\/wp-json\/wp\/v2\/media\/13241"}],"wp:attachment":[{"href":"https:\/\/hexexist.com\/tr\/wp-json\/wp\/v2\/media?parent=13852"}],"wp:term":[{"taxonomy":"product_brand","embeddable":true,"href":"https:\/\/hexexist.com\/tr\/wp-json\/wp\/v2\/product_brand?post=13852"},{"taxonomy":"product_cat","embeddable":true,"href":"https:\/\/hexexist.com\/tr\/wp-json\/wp\/v2\/product_cat?post=13852"},{"taxonomy":"product_tag","embeddable":true,"href":"https:\/\/hexexist.com\/tr\/wp-json\/wp\/v2\/product_tag?post=13852"}],"curies":[{"name":"wp","href":"https:\/\/api.w.org\/{rel}","templated":true}]}}