{"id":13853,"date":"2025-10-09T09:50:31","date_gmt":"2025-10-09T09:50:31","guid":{"rendered":"http:\/\/hexexist.com\/product\/basit-sosyal-simgeler\/"},"modified":"2025-10-09T09:50:31","modified_gmt":"2025-10-09T09:50:31","slug":"basit-sosyal-simgeler","status":"publish","type":"product","link":"https:\/\/hexexist.com\/tr\/urun\/basit-sosyal-simgeler\/","title":{"rendered":"Basit Sosyal Simgeler"},"content":{"rendered":"<p>Basit Sosyal Simgeler, ziyaret\u00e7ileri \u00e7e\u015fitli sosyal profillerinize ba\u011flayan simgeleri g\u00f6r\u00fcnt\u00fclemenin kullan\u0131m\u0131 kolay, \u00f6zelle\u015ftirilebilir bir yoludur. Bununla, hangi profillere ba\u011flant\u0131 verilece\u011fini kolayca se\u00e7ebilir, simgelerinizin rengini ve boyutunu \u00f6zelle\u015ftirebilir ve bunlar\u0131 sola, ortaya veya sa\u011fa hizalayabilirsiniz, hepsi widget formundan (ayar sayfas\u0131 gerekmez!). <\/p>\n","protected":false},"excerpt":{"rendered":"<p>Basit Sosyal Simgeler, ziyaret\u00e7ileri \u00e7e\u015fitli sosyal profillerinize ba\u011flayan simgeleri g\u00f6r\u00fcnt\u00fclemenin kullan\u0131m\u0131 kolay, \u00f6zelle\u015ftirilebilir bir yoludur. Bununla, hangi profillere ba\u011flant\u0131 verilece\u011fini kolayca se\u00e7ebilir, simgelerinizin rengini ve boyutunu \u00f6zelle\u015ftirebilir ve bunlar\u0131 sola, ortaya veya sa\u011fa hizalayabilirsiniz, hepsi widget formundan (ayar sayfas\u0131 gerekmez!).<\/p>\n","protected":false},"featured_media":13236,"comment_status":"open","ping_status":"closed","template":"","meta":[],"product_brand":[],"product_cat":[1413],"product_tag":[1883,1882,1885],"class_list":{"0":"post-13853","1":"product","2":"type-product","3":"status-publish","4":"has-post-thumbnail","6":"product_cat-eklentiler","7":"product_tag-sosyal-aglar","8":"product_tag-sosyal-medya","9":"product_tag-sosyal-profiller","11":"first","12":"instock","13":"downloadable","14":"virtual","15":"product-type-simple"},"_links":{"self":[{"href":"https:\/\/hexexist.com\/tr\/wp-json\/wp\/v2\/product\/13853","targetHints":{"allow":["GET"]}}],"collection":[{"href":"https:\/\/hexexist.com\/tr\/wp-json\/wp\/v2\/product"}],"about":[{"href":"https:\/\/hexexist.com\/tr\/wp-json\/wp\/v2\/types\/product"}],"replies":[{"embeddable":true,"href":"https:\/\/hexexist.com\/tr\/wp-json\/wp\/v2\/comments?post=13853"}],"wp:featuredmedia":[{"embeddable":true,"href":"https:\/\/hexexist.com\/tr\/wp-json\/wp\/v2\/media\/13236"}],"wp:attachment":[{"href":"https:\/\/hexexist.com\/tr\/wp-json\/wp\/v2\/media?parent=13853"}],"wp:term":[{"taxonomy":"product_brand","embeddable":true,"href":"https:\/\/hexexist.com\/tr\/wp-json\/wp\/v2\/product_brand?post=13853"},{"taxonomy":"product_cat","embeddable":true,"href":"https:\/\/hexexist.com\/tr\/wp-json\/wp\/v2\/product_cat?post=13853"},{"taxonomy":"product_tag","embeddable":true,"href":"https:\/\/hexexist.com\/tr\/wp-json\/wp\/v2\/product_tag?post=13853"}],"curies":[{"name":"wp","href":"https:\/\/api.w.org\/{rel}","templated":true}]}}