{"id":13854,"date":"2025-10-09T09:50:31","date_gmt":"2025-10-09T09:50:31","guid":{"rendered":"http:\/\/hexexist.com\/product\/publishpress-future-ile-gonderi-degisikliklerini-planlayin-yayindan-kaldirma-silme-durum-degistirme-cop-kutusu-kategori-degistirme\/"},"modified":"2025-10-09T09:50:31","modified_gmt":"2025-10-09T09:50:31","slug":"publishpress-future-ile-gonderi-degisikliklerini-planlayin-yayindan-kaldirma-silme-durum-degistirme-cop-kutusu-kategori-degistirme","status":"publish","type":"product","link":"https:\/\/hexexist.com\/tr\/urun\/publishpress-future-ile-gonderi-degisikliklerini-planlayin-yayindan-kaldirma-silme-durum-degistirme-cop-kutusu-kategori-degistirme\/","title":{"rendered":"PublishPress Future ile G\u00f6nderi De\u011fi\u015fikliklerini Planlay\u0131n: Yay\u0131ndan Kald\u0131rma, Silme, Durum De\u011fi\u015ftirme, \u00c7\u00f6p Kutusu, Kategori De\u011fi\u015ftirme"},"content":{"rendered":"<p>PublishPress Future eklentisi, yaz\u0131lar, sayfalar ve di\u011fer i\u00e7erik t\u00fcrlerindeki de\u011fi\u015fiklikleri planlaman\u0131za olanak tan\u0131r. Bu eklenti ile yay\u0131ndan kald\u0131rma, silme, \u00e7\u00f6pe atma, bir g\u00f6nderiyi yeni bir duruma ta\u015f\u0131ma ve daha fazlas\u0131 i\u00e7in otomatik eylemler olu\u015fturabilirsiniz. Pro s\u00fcr\u00fcm\u00fc ile i\u00e7eri\u011finizi birden fazla ad\u0131m ve zamanlama ile \u00f6zel i\u015f ak\u0131\u015flar\u0131 kullanarak g\u00fcncelleyebilirsiniz.  <\/p>\n","protected":false},"excerpt":{"rendered":"<p>PublishPress Future eklentisi, yaz\u0131lar, sayfalar ve di\u011fer i\u00e7erik t\u00fcrlerindeki de\u011fi\u015fiklikleri planlaman\u0131za olanak tan\u0131r. Bu eklenti ile yay\u0131ndan kald\u0131rma, silme, \u00e7\u00f6pe atma, bir g\u00f6nderiyi yeni bir duruma ta\u015f\u0131ma ve daha fazlas\u0131 i\u00e7in otomatik eylemler olu\u015fturabilirsiniz. Pro s\u00fcr\u00fcm\u00fc ile i\u00e7eri\u011finizi birden fazla ad\u0131m ve zamanlama ile \u00f6zel i\u015f ak\u0131\u015flar\u0131 kullanarak g\u00fcncelleyebilirsiniz.<\/p>\n","protected":false},"featured_media":13235,"comment_status":"open","ping_status":"closed","template":"","meta":[],"product_brand":[],"product_cat":[1413],"product_tag":[1889,1888],"class_list":{"0":"post-13854","1":"product","2":"type-product","3":"status-publish","4":"has-post-thumbnail","6":"product_cat-eklentiler","7":"product_tag-guncelleme-gonderileri","8":"product_tag-is-akislari","10":"first","11":"instock","12":"downloadable","13":"virtual","14":"product-type-simple"},"_links":{"self":[{"href":"https:\/\/hexexist.com\/tr\/wp-json\/wp\/v2\/product\/13854","targetHints":{"allow":["GET"]}}],"collection":[{"href":"https:\/\/hexexist.com\/tr\/wp-json\/wp\/v2\/product"}],"about":[{"href":"https:\/\/hexexist.com\/tr\/wp-json\/wp\/v2\/types\/product"}],"replies":[{"embeddable":true,"href":"https:\/\/hexexist.com\/tr\/wp-json\/wp\/v2\/comments?post=13854"}],"wp:featuredmedia":[{"embeddable":true,"href":"https:\/\/hexexist.com\/tr\/wp-json\/wp\/v2\/media\/13235"}],"wp:attachment":[{"href":"https:\/\/hexexist.com\/tr\/wp-json\/wp\/v2\/media?parent=13854"}],"wp:term":[{"taxonomy":"product_brand","embeddable":true,"href":"https:\/\/hexexist.com\/tr\/wp-json\/wp\/v2\/product_brand?post=13854"},{"taxonomy":"product_cat","embeddable":true,"href":"https:\/\/hexexist.com\/tr\/wp-json\/wp\/v2\/product_cat?post=13854"},{"taxonomy":"product_tag","embeddable":true,"href":"https:\/\/hexexist.com\/tr\/wp-json\/wp\/v2\/product_tag?post=13854"}],"curies":[{"name":"wp","href":"https:\/\/api.w.org\/{rel}","templated":true}]}}