{"id":13855,"date":"2025-10-09T09:50:31","date_gmt":"2025-10-09T09:50:31","guid":{"rendered":"http:\/\/hexexist.com\/product\/woocommerce-icin-wpc-akilli-istek-listesi\/"},"modified":"2025-10-09T09:50:31","modified_gmt":"2025-10-09T09:50:31","slug":"woocommerce-icin-wpc-akilli-istek-listesi","status":"publish","type":"product","link":"https:\/\/hexexist.com\/tr\/urun\/woocommerce-icin-wpc-akilli-istek-listesi\/","title":{"rendered":"WooCommerce i\u00e7in WPC Ak\u0131ll\u0131 \u0130stek Listesi"},"content":{"rendered":"<p>WPC Ak\u0131ll\u0131 \u0130stek Listesi, m\u00fc\u015fterilerinizin sat\u0131n al\u0131nacak listelerini y\u00f6netmelerine ve favori \u00fcr\u00fcnleri daha sonra sat\u0131n almak \u00fczere kaydetmelerine yard\u0131mc\u0131 olan g\u00fc\u00e7l\u00fc ancak sezgisel bir eklentidir. Bu, sitenizdeki sat\u0131n alma ak\u0131\u015f\u0131n\u0131n daha ak\u0131c\u0131 ve kullan\u0131\u015fl\u0131 hale gelmesine yard\u0131mc\u0131 olurken, al\u0131c\u0131lar i\u00e7in \u00fcr\u00fcn arama ve sepete ekleme konusunda olduk\u00e7a fazla zaman kazand\u0131r\u0131r. <\/p>\n","protected":false},"excerpt":{"rendered":"<p>WPC Ak\u0131ll\u0131 \u0130stek Listesi, m\u00fc\u015fterilerinizin sat\u0131n al\u0131nacak listelerini y\u00f6netmelerine ve favori \u00fcr\u00fcnleri daha sonra sat\u0131n almak \u00fczere kaydetmelerine yard\u0131mc\u0131 olan g\u00fc\u00e7l\u00fc ancak sezgisel bir eklentidir. Bu, sitenizdeki sat\u0131n alma ak\u0131\u015f\u0131n\u0131n daha ak\u0131c\u0131 ve kullan\u0131\u015fl\u0131 hale gelmesine yard\u0131mc\u0131 olurken, al\u0131c\u0131lar i\u00e7in \u00fcr\u00fcn arama ve sepete ekleme konusunda olduk\u00e7a fazla zaman kazand\u0131r\u0131r.<\/p>\n","protected":false},"featured_media":13240,"comment_status":"open","ping_status":"closed","template":"","meta":[],"product_brand":[],"product_cat":[1413],"product_tag":[1891,1890,1459,1695],"class_list":{"0":"post-13855","1":"product","2":"type-product","3":"status-publish","4":"has-post-thumbnail","6":"product_cat-eklentiler","7":"product_tag-bekleme-listesi","8":"product_tag-istek-listesi","9":"product_tag-woocommerce-tr","10":"product_tag-wpc-tr","12":"first","13":"instock","14":"downloadable","15":"virtual","16":"product-type-simple"},"_links":{"self":[{"href":"https:\/\/hexexist.com\/tr\/wp-json\/wp\/v2\/product\/13855","targetHints":{"allow":["GET"]}}],"collection":[{"href":"https:\/\/hexexist.com\/tr\/wp-json\/wp\/v2\/product"}],"about":[{"href":"https:\/\/hexexist.com\/tr\/wp-json\/wp\/v2\/types\/product"}],"replies":[{"embeddable":true,"href":"https:\/\/hexexist.com\/tr\/wp-json\/wp\/v2\/comments?post=13855"}],"wp:featuredmedia":[{"embeddable":true,"href":"https:\/\/hexexist.com\/tr\/wp-json\/wp\/v2\/media\/13240"}],"wp:attachment":[{"href":"https:\/\/hexexist.com\/tr\/wp-json\/wp\/v2\/media?parent=13855"}],"wp:term":[{"taxonomy":"product_brand","embeddable":true,"href":"https:\/\/hexexist.com\/tr\/wp-json\/wp\/v2\/product_brand?post=13855"},{"taxonomy":"product_cat","embeddable":true,"href":"https:\/\/hexexist.com\/tr\/wp-json\/wp\/v2\/product_cat?post=13855"},{"taxonomy":"product_tag","embeddable":true,"href":"https:\/\/hexexist.com\/tr\/wp-json\/wp\/v2\/product_tag?post=13855"}],"curies":[{"name":"wp","href":"https:\/\/api.w.org\/{rel}","templated":true}]}}