{"id":13856,"date":"2025-10-09T09:50:32","date_gmt":"2025-10-09T09:50:32","guid":{"rendered":"http:\/\/hexexist.com\/product\/captcha-kodu\/"},"modified":"2025-10-09T09:50:32","modified_gmt":"2025-10-09T09:50:32","slug":"captcha-kodu","status":"publish","type":"product","link":"https:\/\/hexexist.com\/tr\/urun\/captcha-kodu\/","title":{"rendered":"Captcha Kodu"},"content":{"rendered":"<p>WordPress formlar\u0131 yorum formu, kay\u0131t formu, kay\u0131p \u015fifre formu ve giri\u015f formuna GDPR uyumlu captcha kodu anti-spam korumas\u0131 ekler. Yorum g\u00f6ndermek veya kaydolmak i\u00e7in kullan\u0131c\u0131lar\u0131n resimde g\u00f6sterilen kodu yazmas\u0131 gerekir. Bu, otomatik botlardan gelen spam&#8217;i \u00f6nler ve g\u00fcvenlik ekler. Hi\u00e7bir harici hizmet (Google ReCaptcha gibi) kullan\u0131lmaz. API anahtarlar\u0131na gerek yoktur ve GDPR uyumlu olmas\u0131 i\u00e7in kullan\u0131c\u0131 tan\u0131mlanabilir veriler kullan\u0131lmaz.    <\/p>\n","protected":false},"excerpt":{"rendered":"<p>WordPress formlar\u0131 yorum formu, kay\u0131t formu, kay\u0131p \u015fifre formu ve giri\u015f formuna GDPR uyumlu captcha kodu anti-spam korumas\u0131 ekler. Yorum g\u00f6ndermek veya kaydolmak i\u00e7in kullan\u0131c\u0131lar\u0131n resimde g\u00f6sterilen kodu yazmas\u0131 gerekir. Bu, otomatik botlardan gelen spam&#8217;i \u00f6nler ve g\u00fcvenlik ekler. Hi\u00e7bir harici hizmet (Google ReCaptcha gibi) kullan\u0131lmaz. API anahtarlar\u0131na gerek yoktur ve GDPR uyumlu olmas\u0131 i\u00e7in [&hellip;]<\/p>\n","protected":false},"featured_media":13245,"comment_status":"open","ping_status":"closed","template":"","meta":[],"product_brand":[],"product_cat":[1413],"product_tag":[1545,1892,1893,1821],"class_list":{"0":"post-13856","1":"product","2":"type-product","3":"status-publish","4":"has-post-thumbnail","6":"product_cat-eklentiler","7":"product_tag-captcha-tr","8":"product_tag-form-captcha-tr","9":"product_tag-giris-captcha","10":"product_tag-recaptcha-tr","12":"first","13":"instock","14":"downloadable","15":"virtual","16":"product-type-simple"},"_links":{"self":[{"href":"https:\/\/hexexist.com\/tr\/wp-json\/wp\/v2\/product\/13856","targetHints":{"allow":["GET"]}}],"collection":[{"href":"https:\/\/hexexist.com\/tr\/wp-json\/wp\/v2\/product"}],"about":[{"href":"https:\/\/hexexist.com\/tr\/wp-json\/wp\/v2\/types\/product"}],"replies":[{"embeddable":true,"href":"https:\/\/hexexist.com\/tr\/wp-json\/wp\/v2\/comments?post=13856"}],"wp:featuredmedia":[{"embeddable":true,"href":"https:\/\/hexexist.com\/tr\/wp-json\/wp\/v2\/media\/13245"}],"wp:attachment":[{"href":"https:\/\/hexexist.com\/tr\/wp-json\/wp\/v2\/media?parent=13856"}],"wp:term":[{"taxonomy":"product_brand","embeddable":true,"href":"https:\/\/hexexist.com\/tr\/wp-json\/wp\/v2\/product_brand?post=13856"},{"taxonomy":"product_cat","embeddable":true,"href":"https:\/\/hexexist.com\/tr\/wp-json\/wp\/v2\/product_cat?post=13856"},{"taxonomy":"product_tag","embeddable":true,"href":"https:\/\/hexexist.com\/tr\/wp-json\/wp\/v2\/product_tag?post=13856"}],"curies":[{"name":"wp","href":"https:\/\/api.w.org\/{rel}","templated":true}]}}