{"id":13857,"date":"2025-10-09T09:50:31","date_gmt":"2025-10-09T09:50:31","guid":{"rendered":"http:\/\/hexexist.com\/product\/widget-mantigi\/"},"modified":"2025-10-09T09:50:31","modified_gmt":"2025-10-09T09:50:31","slug":"widget-mantigi","status":"publish","type":"product","link":"https:\/\/hexexist.com\/tr\/urun\/widget-mantigi\/","title":{"rendered":"Widget Mant\u0131\u011f\u0131"},"content":{"rendered":"<p>Bu eklenti, her widget&#8217;a, widget&#8217;\u0131n g\u00f6r\u00fcnece\u011fi sayfalar\u0131 kontrol etmenizi sa\u011flayan &#8220;Widget mant\u0131\u011f\u0131&#8221; adl\u0131 ekstra bir kontrol alan\u0131 verir. Metin alan\u0131, WP&#8217;nin Ko\u015fullu Etiketlerini veya herhangi bir genel PHP kodunu kullanman\u0131za izin verir.<\/p>\n","protected":false},"excerpt":{"rendered":"<p>Bu eklenti, her widget&#8217;a, widget&#8217;\u0131n g\u00f6r\u00fcnece\u011fi sayfalar\u0131 kontrol etmenizi sa\u011flayan &#8220;Widget mant\u0131\u011f\u0131&#8221; adl\u0131 ekstra bir kontrol alan\u0131 verir. Metin alan\u0131, WP&#8217;nin Ko\u015fullu Etiketlerini veya herhangi bir genel PHP kodunu kullanman\u0131za izin verir.<\/p>\n","protected":false},"featured_media":13239,"comment_status":"open","ping_status":"closed","template":"","meta":[],"product_brand":[],"product_cat":[1413],"product_tag":[1529,1894,1895,1896,1427],"class_list":{"0":"post-13857","1":"product","2":"type-product","3":"status-publish","4":"has-post-thumbnail","6":"product_cat-eklentiler","7":"product_tag-bloklar","8":"product_tag-gutenberg-widgetlari","9":"product_tag-kenar-cubugu","10":"product_tag-kosullu-etiketler","11":"product_tag-widget-tr","13":"first","14":"instock","15":"downloadable","16":"virtual","17":"product-type-simple"},"_links":{"self":[{"href":"https:\/\/hexexist.com\/tr\/wp-json\/wp\/v2\/product\/13857","targetHints":{"allow":["GET"]}}],"collection":[{"href":"https:\/\/hexexist.com\/tr\/wp-json\/wp\/v2\/product"}],"about":[{"href":"https:\/\/hexexist.com\/tr\/wp-json\/wp\/v2\/types\/product"}],"replies":[{"embeddable":true,"href":"https:\/\/hexexist.com\/tr\/wp-json\/wp\/v2\/comments?post=13857"}],"wp:featuredmedia":[{"embeddable":true,"href":"https:\/\/hexexist.com\/tr\/wp-json\/wp\/v2\/media\/13239"}],"wp:attachment":[{"href":"https:\/\/hexexist.com\/tr\/wp-json\/wp\/v2\/media?parent=13857"}],"wp:term":[{"taxonomy":"product_brand","embeddable":true,"href":"https:\/\/hexexist.com\/tr\/wp-json\/wp\/v2\/product_brand?post=13857"},{"taxonomy":"product_cat","embeddable":true,"href":"https:\/\/hexexist.com\/tr\/wp-json\/wp\/v2\/product_cat?post=13857"},{"taxonomy":"product_tag","embeddable":true,"href":"https:\/\/hexexist.com\/tr\/wp-json\/wp\/v2\/product_tag?post=13857"}],"curies":[{"name":"wp","href":"https:\/\/api.w.org\/{rel}","templated":true}]}}