{"id":13858,"date":"2025-10-09T09:50:32","date_gmt":"2025-10-09T09:50:32","guid":{"rendered":"http:\/\/hexexist.com\/product\/yapay-zeka-motoru\/"},"modified":"2025-10-09T09:50:32","modified_gmt":"2025-10-09T09:50:32","slug":"yapay-zeka-motoru","status":"publish","type":"product","link":"https:\/\/hexexist.com\/tr\/urun\/yapay-zeka-motoru\/","title":{"rendered":"Yapay Zeka Motoru"},"content":{"rendered":"<p>AI Engine, WordPress&#8217;i d\u00fcnyan\u0131n \u00f6nde gelen AI modellerine sorunsuz bir \u015fekilde ba\u011flar. WordPress panonuzdan ak\u0131ll\u0131 sohbet robotlar\u0131 olu\u015fturun, i\u00e7erik \u00fcretin, yapay zeka formlar\u0131 olu\u015fturun ve g\u00f6revleri otomatikle\u015ftirin.<\/p>\n","protected":false},"excerpt":{"rendered":"<p>AI Engine, WordPress&#8217;i d\u00fcnyan\u0131n \u00f6nde gelen AI modellerine sorunsuz bir \u015fekilde ba\u011flar. WordPress panonuzdan ak\u0131ll\u0131 sohbet robotlar\u0131 olu\u015fturun, i\u00e7erik \u00fcretin, yapay zeka formlar\u0131 olu\u015fturun ve g\u00f6revleri otomatikle\u015ftirin.<\/p>\n","protected":false},"featured_media":13244,"comment_status":"open","ping_status":"closed","template":"","meta":[],"product_brand":[],"product_cat":[1413],"product_tag":[1898,1899,1901,1481,1897],"class_list":{"0":"post-13858","1":"product","2":"type-product","3":"status-publish","4":"has-post-thumbnail","6":"product_cat-eklentiler","7":"product_tag-claude-tr","8":"product_tag-gpt-tr","9":"product_tag-openai-tr","10":"product_tag-sohbet-robotu","11":"product_tag-yapay-zeka","13":"first","14":"instock","15":"downloadable","16":"virtual","17":"product-type-simple"},"_links":{"self":[{"href":"https:\/\/hexexist.com\/tr\/wp-json\/wp\/v2\/product\/13858","targetHints":{"allow":["GET"]}}],"collection":[{"href":"https:\/\/hexexist.com\/tr\/wp-json\/wp\/v2\/product"}],"about":[{"href":"https:\/\/hexexist.com\/tr\/wp-json\/wp\/v2\/types\/product"}],"replies":[{"embeddable":true,"href":"https:\/\/hexexist.com\/tr\/wp-json\/wp\/v2\/comments?post=13858"}],"wp:featuredmedia":[{"embeddable":true,"href":"https:\/\/hexexist.com\/tr\/wp-json\/wp\/v2\/media\/13244"}],"wp:attachment":[{"href":"https:\/\/hexexist.com\/tr\/wp-json\/wp\/v2\/media?parent=13858"}],"wp:term":[{"taxonomy":"product_brand","embeddable":true,"href":"https:\/\/hexexist.com\/tr\/wp-json\/wp\/v2\/product_brand?post=13858"},{"taxonomy":"product_cat","embeddable":true,"href":"https:\/\/hexexist.com\/tr\/wp-json\/wp\/v2\/product_cat?post=13858"},{"taxonomy":"product_tag","embeddable":true,"href":"https:\/\/hexexist.com\/tr\/wp-json\/wp\/v2\/product_tag?post=13858"}],"curies":[{"name":"wp","href":"https:\/\/api.w.org\/{rel}","templated":true}]}}