{"id":13859,"date":"2025-10-09T09:50:31","date_gmt":"2025-10-09T09:50:31","guid":{"rendered":"http:\/\/hexexist.com\/product\/vk-blok-desenleri\/"},"modified":"2025-10-09T09:50:31","modified_gmt":"2025-10-09T09:50:31","slug":"vk-blok-desenleri","status":"publish","type":"product","link":"https:\/\/hexexist.com\/tr\/urun\/vk-blok-desenleri\/","title":{"rendered":"VK Blok Desenleri"},"content":{"rendered":"<p>Bu eklentiyi etkinle\u015ftirdi\u011finizde, \u00f6zel blok kal\u0131plar\u0131 i\u00e7in yeni \u00f6zel yaz\u0131 t\u00fcr\u00fc olu\u015fturulur. \u00d6zel kal\u0131plar\u0131 kaydederseniz, d\u00fczenleme ekran\u0131nda kay\u0131tl\u0131 blok kal\u0131plar\u0131n\u0131 se\u00e7ebilirsiniz. <\/p>\n","protected":false},"excerpt":{"rendered":"<p>Bu eklentiyi etkinle\u015ftirdi\u011finizde, \u00f6zel blok kal\u0131plar\u0131 i\u00e7in yeni \u00f6zel yaz\u0131 t\u00fcr\u00fc olu\u015fturulur. \u00d6zel kal\u0131plar\u0131 kaydederseniz, d\u00fczenleme ekran\u0131nda kay\u0131tl\u0131 blok kal\u0131plar\u0131n\u0131 se\u00e7ebilirsiniz.<\/p>\n","protected":false},"featured_media":13238,"comment_status":"open","ping_status":"closed","template":"","meta":[],"product_brand":[],"product_cat":[1413],"product_tag":[1900,1902],"class_list":{"0":"post-13859","1":"product","2":"type-product","3":"status-publish","4":"has-post-thumbnail","6":"product_cat-eklentiler","7":"product_tag-blok-deseni","8":"product_tag-guternberg-tr","10":"first","11":"instock","12":"downloadable","13":"virtual","14":"product-type-simple"},"_links":{"self":[{"href":"https:\/\/hexexist.com\/tr\/wp-json\/wp\/v2\/product\/13859","targetHints":{"allow":["GET"]}}],"collection":[{"href":"https:\/\/hexexist.com\/tr\/wp-json\/wp\/v2\/product"}],"about":[{"href":"https:\/\/hexexist.com\/tr\/wp-json\/wp\/v2\/types\/product"}],"replies":[{"embeddable":true,"href":"https:\/\/hexexist.com\/tr\/wp-json\/wp\/v2\/comments?post=13859"}],"wp:featuredmedia":[{"embeddable":true,"href":"https:\/\/hexexist.com\/tr\/wp-json\/wp\/v2\/media\/13238"}],"wp:attachment":[{"href":"https:\/\/hexexist.com\/tr\/wp-json\/wp\/v2\/media?parent=13859"}],"wp:term":[{"taxonomy":"product_brand","embeddable":true,"href":"https:\/\/hexexist.com\/tr\/wp-json\/wp\/v2\/product_brand?post=13859"},{"taxonomy":"product_cat","embeddable":true,"href":"https:\/\/hexexist.com\/tr\/wp-json\/wp\/v2\/product_cat?post=13859"},{"taxonomy":"product_tag","embeddable":true,"href":"https:\/\/hexexist.com\/tr\/wp-json\/wp\/v2\/product_tag?post=13859"}],"curies":[{"name":"wp","href":"https:\/\/api.w.org\/{rel}","templated":true}]}}