{"id":13860,"date":"2025-10-09T09:50:31","date_gmt":"2025-10-09T09:50:31","guid":{"rendered":"http:\/\/hexexist.com\/product\/post-grid-kisa-kodu-gutenberg-bloklari-ve-post-grid-icin-elementor-eklentisi\/"},"modified":"2025-10-09T09:50:31","modified_gmt":"2025-10-09T09:50:31","slug":"post-grid-kisa-kodu-gutenberg-bloklari-ve-post-grid-icin-elementor-eklentisi","status":"publish","type":"product","link":"https:\/\/hexexist.com\/tr\/urun\/post-grid-kisa-kodu-gutenberg-bloklari-ve-post-grid-icin-elementor-eklentisi\/","title":{"rendered":"Post Grid K\u0131sa Kodu, Gutenberg Bloklar\u0131 ve Post Grid i\u00e7in Elementor Eklentisi"},"content":{"rendered":"<p>Port Grid, Haber, Dergi ve Blog web siteleri olu\u015fturmak i\u00e7in \u00f6nde gelen WordPress Post Grid Eklentisidir. Post Grid Eklentisi, zahmetsizce \u0131zgara, liste, \u0131zgara vurgulu, filtre ve kayd\u0131r\u0131c\u0131 g\u00f6r\u00fcn\u00fcmleri olu\u015fturman\u0131za olanak tan\u0131r. Post Grid Eklentisinin K\u0131sa Kodlar, Gutenberg Bloklar\u0131 ve Elementor Eklentisi ile kullan\u0131m\u0131 kolayd\u0131r.  <\/p>\n","protected":false},"excerpt":{"rendered":"<p>Port Grid, Haber, Dergi ve Blog web siteleri olu\u015fturmak i\u00e7in \u00f6nde gelen WordPress Post Grid Eklentisidir. Post Grid Eklentisi, zahmetsizce \u0131zgara, liste, \u0131zgara vurgulu, filtre ve kayd\u0131r\u0131c\u0131 g\u00f6r\u00fcn\u00fcmleri olu\u015fturman\u0131za olanak tan\u0131r. Post Grid Eklentisinin K\u0131sa Kodlar, Gutenberg Bloklar\u0131 ve Elementor Eklentisi ile kullan\u0131m\u0131 kolayd\u0131r.<\/p>\n","protected":false},"featured_media":13237,"comment_status":"open","ping_status":"closed","template":"","meta":[],"product_brand":[],"product_cat":[1413],"product_tag":[1907,1905,1903,1909],"class_list":{"0":"post-13860","1":"product","2":"type-product","3":"status-publish","4":"has-post-thumbnail","6":"product_cat-eklentiler","7":"product_tag-ekran-sonrasi","8":"product_tag-icerik-izgarasi","9":"product_tag-izgara-sonrasi","10":"product_tag-kaydirici-gonder","12":"first","13":"instock","14":"downloadable","15":"virtual","16":"product-type-simple"},"_links":{"self":[{"href":"https:\/\/hexexist.com\/tr\/wp-json\/wp\/v2\/product\/13860","targetHints":{"allow":["GET"]}}],"collection":[{"href":"https:\/\/hexexist.com\/tr\/wp-json\/wp\/v2\/product"}],"about":[{"href":"https:\/\/hexexist.com\/tr\/wp-json\/wp\/v2\/types\/product"}],"replies":[{"embeddable":true,"href":"https:\/\/hexexist.com\/tr\/wp-json\/wp\/v2\/comments?post=13860"}],"wp:featuredmedia":[{"embeddable":true,"href":"https:\/\/hexexist.com\/tr\/wp-json\/wp\/v2\/media\/13237"}],"wp:attachment":[{"href":"https:\/\/hexexist.com\/tr\/wp-json\/wp\/v2\/media?parent=13860"}],"wp:term":[{"taxonomy":"product_brand","embeddable":true,"href":"https:\/\/hexexist.com\/tr\/wp-json\/wp\/v2\/product_brand?post=13860"},{"taxonomy":"product_cat","embeddable":true,"href":"https:\/\/hexexist.com\/tr\/wp-json\/wp\/v2\/product_cat?post=13860"},{"taxonomy":"product_tag","embeddable":true,"href":"https:\/\/hexexist.com\/tr\/wp-json\/wp\/v2\/product_tag?post=13860"}],"curies":[{"name":"wp","href":"https:\/\/api.w.org\/{rel}","templated":true}]}}