{"id":13861,"date":"2025-10-09T09:50:32","date_gmt":"2025-10-09T09:50:32","guid":{"rendered":"http:\/\/hexexist.com\/product\/yith-woocommerce-hizli-gorunum\/"},"modified":"2025-10-09T09:50:32","modified_gmt":"2025-10-09T09:50:32","slug":"yith-woocommerce-hizli-gorunum","status":"publish","type":"product","link":"https:\/\/hexexist.com\/tr\/urun\/yith-woocommerce-hizli-gorunum\/","title":{"rendered":"YITH WooCommerce H\u0131zl\u0131 G\u00f6r\u00fcn\u00fcm"},"content":{"rendered":"<p>M\u00fc\u015fterilerinizin al\u0131\u015fveri\u015f deneyimini iyile\u015ftirmek i\u00e7in bir modal pencerede \u00fcr\u00fcn \u00f6nizlemesi g\u00f6sterin<\/p>\n","protected":false},"excerpt":{"rendered":"<p>M\u00fc\u015fterilerinizin al\u0131\u015fveri\u015f deneyimini iyile\u015ftirmek i\u00e7in bir modal pencerede \u00fcr\u00fcn \u00f6nizlemesi g\u00f6sterin<\/p>\n","protected":false},"featured_media":13243,"comment_status":"open","ping_status":"closed","template":"","meta":[],"product_brand":[],"product_cat":[1413],"product_tag":[1906,1904,1459,1908],"class_list":{"0":"post-13861","1":"product","2":"type-product","3":"status-publish","4":"has-post-thumbnail","6":"product_cat-eklentiler","7":"product_tag-hizli-gorunum","8":"product_tag-urunler-hizli-gorunum","9":"product_tag-woocommerce-tr","10":"product_tag-woocommerce-hizli-gorunum","12":"first","13":"instock","14":"downloadable","15":"virtual","16":"product-type-simple"},"_links":{"self":[{"href":"https:\/\/hexexist.com\/tr\/wp-json\/wp\/v2\/product\/13861","targetHints":{"allow":["GET"]}}],"collection":[{"href":"https:\/\/hexexist.com\/tr\/wp-json\/wp\/v2\/product"}],"about":[{"href":"https:\/\/hexexist.com\/tr\/wp-json\/wp\/v2\/types\/product"}],"replies":[{"embeddable":true,"href":"https:\/\/hexexist.com\/tr\/wp-json\/wp\/v2\/comments?post=13861"}],"wp:featuredmedia":[{"embeddable":true,"href":"https:\/\/hexexist.com\/tr\/wp-json\/wp\/v2\/media\/13243"}],"wp:attachment":[{"href":"https:\/\/hexexist.com\/tr\/wp-json\/wp\/v2\/media?parent=13861"}],"wp:term":[{"taxonomy":"product_brand","embeddable":true,"href":"https:\/\/hexexist.com\/tr\/wp-json\/wp\/v2\/product_brand?post=13861"},{"taxonomy":"product_cat","embeddable":true,"href":"https:\/\/hexexist.com\/tr\/wp-json\/wp\/v2\/product_cat?post=13861"},{"taxonomy":"product_tag","embeddable":true,"href":"https:\/\/hexexist.com\/tr\/wp-json\/wp\/v2\/product_tag?post=13861"}],"curies":[{"name":"wp","href":"https:\/\/api.w.org\/{rel}","templated":true}]}}