{"id":13862,"date":"2025-10-09T09:50:38","date_gmt":"2025-10-09T09:50:38","guid":{"rendered":"http:\/\/hexexist.com\/product\/woocommerce-icin-mollie-payments\/"},"modified":"2025-10-09T09:50:38","modified_gmt":"2025-10-09T09:50:38","slug":"woocommerce-icin-mollie-payments","status":"publish","type":"product","link":"https:\/\/hexexist.com\/tr\/urun\/woocommerce-icin-mollie-payments\/","title":{"rendered":"WooCommerce i\u00e7in Mollie Payments"},"content":{"rendered":"<p>\u0130htiyac\u0131n\u0131z olan her yerde t\u00fcm \u00f6nemli \u00f6deme y\u00f6ntemlerini WooCommerce&#8217;e h\u0131zla entegre edin. WooCommerce i\u00e7in Mollie Payments, kritik ba\u015far\u0131 fakt\u00f6r\u00fcn\u00fc ekler: WooCommerce&#8217;in kendisi kadar esnek, kurulumu kolay, kullan\u0131m\u0131 kolay, \u00f6zelle\u015ftirilebilir bir \u00f6deme a\u011f ge\u00e7idi. <\/p>\n","protected":false},"excerpt":{"rendered":"<p>\u0130htiyac\u0131n\u0131z olan her yerde t\u00fcm \u00f6nemli \u00f6deme y\u00f6ntemlerini WooCommerce&#8217;e h\u0131zla entegre edin. WooCommerce i\u00e7in Mollie Payments, kritik ba\u015far\u0131 fakt\u00f6r\u00fcn\u00fc ekler: WooCommerce&#8217;in kendisi kadar esnek, kurulumu kolay, kullan\u0131m\u0131 kolay, \u00f6zelle\u015ftirilebilir bir \u00f6deme a\u011f ge\u00e7idi.<\/p>\n","protected":false},"featured_media":13274,"comment_status":"open","ping_status":"closed","template":"","meta":[],"product_brand":[],"product_cat":[1413],"product_tag":[1504,1707,1911,1461,1459],"class_list":{"0":"post-13862","1":"product","2":"type-product","3":"status-publish","4":"has-post-thumbnail","6":"product_cat-eklentiler","7":"product_tag-e-ticaret","8":"product_tag-kredi-karti","9":"product_tag-mollie-tr","10":"product_tag-odemeler","11":"product_tag-woocommerce-tr","13":"first","14":"instock","15":"downloadable","16":"virtual","17":"product-type-simple"},"_links":{"self":[{"href":"https:\/\/hexexist.com\/tr\/wp-json\/wp\/v2\/product\/13862","targetHints":{"allow":["GET"]}}],"collection":[{"href":"https:\/\/hexexist.com\/tr\/wp-json\/wp\/v2\/product"}],"about":[{"href":"https:\/\/hexexist.com\/tr\/wp-json\/wp\/v2\/types\/product"}],"replies":[{"embeddable":true,"href":"https:\/\/hexexist.com\/tr\/wp-json\/wp\/v2\/comments?post=13862"}],"wp:featuredmedia":[{"embeddable":true,"href":"https:\/\/hexexist.com\/tr\/wp-json\/wp\/v2\/media\/13274"}],"wp:attachment":[{"href":"https:\/\/hexexist.com\/tr\/wp-json\/wp\/v2\/media?parent=13862"}],"wp:term":[{"taxonomy":"product_brand","embeddable":true,"href":"https:\/\/hexexist.com\/tr\/wp-json\/wp\/v2\/product_brand?post=13862"},{"taxonomy":"product_cat","embeddable":true,"href":"https:\/\/hexexist.com\/tr\/wp-json\/wp\/v2\/product_cat?post=13862"},{"taxonomy":"product_tag","embeddable":true,"href":"https:\/\/hexexist.com\/tr\/wp-json\/wp\/v2\/product_tag?post=13862"}],"curies":[{"name":"wp","href":"https:\/\/api.w.org\/{rel}","templated":true}]}}