{"id":13863,"date":"2025-10-09T09:50:37","date_gmt":"2025-10-09T09:50:37","guid":{"rendered":"http:\/\/hexexist.com\/product\/publishpress-yetenekleri-kullanici-rolu-editoru-erisim-izinleri-kullanici-yetenekleri-yonetici-menuleri\/"},"modified":"2025-10-09T09:50:37","modified_gmt":"2025-10-09T09:50:37","slug":"publishpress-yetenekleri-kullanici-rolu-editoru-erisim-izinleri-kullanici-yetenekleri-yonetici-menuleri","status":"publish","type":"product","link":"https:\/\/hexexist.com\/tr\/urun\/publishpress-yetenekleri-kullanici-rolu-editoru-erisim-izinleri-kullanici-yetenekleri-yonetici-menuleri\/","title":{"rendered":"PublishPress Yetenekleri Kullan\u0131c\u0131 Rol\u00fc Edit\u00f6r\u00fc, Eri\u015fim \u0130zinleri, Kullan\u0131c\u0131 Yetenekleri, Y\u00f6netici Men\u00fcleri"},"content":{"rendered":"<p>PublishPress Capabilities, WordPress i\u00e7in eri\u015fim kontrol eklentisidir. WordPress sitenizdeki t\u00fcm yetenekleri ve izinleri kontrol edebilirsiniz. Bu kullan\u0131c\u0131 rol\u00fc d\u00fczenleyici eklentisini, kullan\u0131c\u0131 yeteneklerini y\u00f6netmenin kolay ve g\u00fc\u00e7l\u00fc bir yoluna sahip olman\u0131z i\u00e7in olu\u015fturduk.  <\/p>\n","protected":false},"excerpt":{"rendered":"<p>PublishPress Capabilities, WordPress i\u00e7in eri\u015fim kontrol eklentisidir. WordPress sitenizdeki t\u00fcm yetenekleri ve izinleri kontrol edebilirsiniz. Bu kullan\u0131c\u0131 rol\u00fc d\u00fczenleyici eklentisini, kullan\u0131c\u0131 yeteneklerini y\u00f6netmenin kolay ve g\u00fc\u00e7l\u00fc bir yoluna sahip olman\u0131z i\u00e7in olu\u015fturduk.<\/p>\n","protected":false},"featured_media":13267,"comment_status":"open","ping_status":"closed","template":"","meta":[],"product_brand":[],"product_cat":[1413],"product_tag":[1912,1913,1915,1910,1914],"class_list":{"0":"post-13863","1":"product","2":"type-product","3":"status-publish","4":"has-post-thumbnail","6":"product_cat-eklentiler","7":"product_tag-izinler","8":"product_tag-kullanici-rolleri","9":"product_tag-kullanici-rolu-duzenleyicisi","10":"product_tag-yetenekleri","11":"product_tag-yonetici-menuleri","13":"first","14":"instock","15":"downloadable","16":"virtual","17":"product-type-simple"},"_links":{"self":[{"href":"https:\/\/hexexist.com\/tr\/wp-json\/wp\/v2\/product\/13863","targetHints":{"allow":["GET"]}}],"collection":[{"href":"https:\/\/hexexist.com\/tr\/wp-json\/wp\/v2\/product"}],"about":[{"href":"https:\/\/hexexist.com\/tr\/wp-json\/wp\/v2\/types\/product"}],"replies":[{"embeddable":true,"href":"https:\/\/hexexist.com\/tr\/wp-json\/wp\/v2\/comments?post=13863"}],"wp:featuredmedia":[{"embeddable":true,"href":"https:\/\/hexexist.com\/tr\/wp-json\/wp\/v2\/media\/13267"}],"wp:attachment":[{"href":"https:\/\/hexexist.com\/tr\/wp-json\/wp\/v2\/media?parent=13863"}],"wp:term":[{"taxonomy":"product_brand","embeddable":true,"href":"https:\/\/hexexist.com\/tr\/wp-json\/wp\/v2\/product_brand?post=13863"},{"taxonomy":"product_cat","embeddable":true,"href":"https:\/\/hexexist.com\/tr\/wp-json\/wp\/v2\/product_cat?post=13863"},{"taxonomy":"product_tag","embeddable":true,"href":"https:\/\/hexexist.com\/tr\/wp-json\/wp\/v2\/product_tag?post=13863"}],"curies":[{"name":"wp","href":"https:\/\/api.w.org\/{rel}","templated":true}]}}