{"id":13864,"date":"2025-10-09T09:50:38","date_gmt":"2025-10-09T09:50:38","guid":{"rendered":"http:\/\/hexexist.com\/product\/randevular-ve-etkinlikler-icin-latepoint-takvim-rezervasyon-eklentisi\/"},"modified":"2025-10-09T09:50:38","modified_gmt":"2025-10-09T09:50:38","slug":"randevular-ve-etkinlikler-icin-latepoint-takvim-rezervasyon-eklentisi","status":"publish","type":"product","link":"https:\/\/hexexist.com\/tr\/urun\/randevular-ve-etkinlikler-icin-latepoint-takvim-rezervasyon-eklentisi\/","title":{"rendered":"Randevular ve Etkinlikler i\u00e7in LatePoint Takvim Rezervasyon Eklentisi"},"content":{"rendered":"<p>LatePoint WordPress i\u00e7in En \u0130yi Randevu Planlama Eklentisi<\/p>\n","protected":false},"excerpt":{"rendered":"<p>LatePoint WordPress i\u00e7in En \u0130yi Randevu Planlama Eklentisi<\/p>\n","protected":false},"featured_media":13273,"comment_status":"open","ping_status":"closed","template":"","meta":[],"product_brand":[],"product_cat":[1413],"product_tag":[1660,1476,1478,1659,1480],"class_list":{"0":"post-13864","1":"product","2":"type-product","3":"status-publish","4":"has-post-thumbnail","6":"product_cat-eklentiler","7":"product_tag-olaylar","8":"product_tag-randevular","9":"product_tag-rezervasyon","10":"product_tag-takvim","11":"product_tag-zamanlama","13":"first","14":"instock","15":"downloadable","16":"virtual","17":"product-type-simple"},"_links":{"self":[{"href":"https:\/\/hexexist.com\/tr\/wp-json\/wp\/v2\/product\/13864","targetHints":{"allow":["GET"]}}],"collection":[{"href":"https:\/\/hexexist.com\/tr\/wp-json\/wp\/v2\/product"}],"about":[{"href":"https:\/\/hexexist.com\/tr\/wp-json\/wp\/v2\/types\/product"}],"replies":[{"embeddable":true,"href":"https:\/\/hexexist.com\/tr\/wp-json\/wp\/v2\/comments?post=13864"}],"wp:featuredmedia":[{"embeddable":true,"href":"https:\/\/hexexist.com\/tr\/wp-json\/wp\/v2\/media\/13273"}],"wp:attachment":[{"href":"https:\/\/hexexist.com\/tr\/wp-json\/wp\/v2\/media?parent=13864"}],"wp:term":[{"taxonomy":"product_brand","embeddable":true,"href":"https:\/\/hexexist.com\/tr\/wp-json\/wp\/v2\/product_brand?post=13864"},{"taxonomy":"product_cat","embeddable":true,"href":"https:\/\/hexexist.com\/tr\/wp-json\/wp\/v2\/product_cat?post=13864"},{"taxonomy":"product_tag","embeddable":true,"href":"https:\/\/hexexist.com\/tr\/wp-json\/wp\/v2\/product_tag?post=13864"}],"curies":[{"name":"wp","href":"https:\/\/api.w.org\/{rel}","templated":true}]}}