{"id":13865,"date":"2025-10-09T09:50:37","date_gmt":"2025-10-09T09:50:37","guid":{"rendered":"http:\/\/hexexist.com\/product\/backupwordpress\/"},"modified":"2025-10-09T09:50:37","modified_gmt":"2025-10-09T09:50:37","slug":"backupwordpress","status":"publish","type":"product","link":"https:\/\/hexexist.com\/tr\/urun\/backupwordpress\/","title":{"rendered":"BackUpWordPress"},"content":{"rendered":"<p>BackupWordPress, Human Made&#8217;deki arkada\u015flar\u0131m\u0131z taraf\u0131ndan olu\u015fturuldu ancak \u015fimdi yeni sahiplik alt\u0131nda. A\u00e7\u0131k kaynak ve WordPress&#8217;e ba\u011fl\u0131y\u0131z ve bir\u00e7ok BackupWordPress hayran\u0131 i\u00e7in \u00fccretsiz destek sa\u011flayaca\u011f\u0131z. \u00dccretsiz yaz\u0131l\u0131mda zaman zaman g\u00fcncellemeler yapaca\u011f\u0131z, l\u00fctfen yay\u0131nlanmas\u0131n\u0131 istedi\u011finiz yamalar\u0131 bize buradan g\u00f6nderin: https:\/\/github.com\/orgs\/xibodevelopment\/  <\/p>\n","protected":false},"excerpt":{"rendered":"<p>BackupWordPress, Human Made&#8217;deki arkada\u015flar\u0131m\u0131z taraf\u0131ndan olu\u015fturuldu ancak \u015fimdi yeni sahiplik alt\u0131nda. A\u00e7\u0131k kaynak ve WordPress&#8217;e ba\u011fl\u0131y\u0131z ve bir\u00e7ok BackupWordPress hayran\u0131 i\u00e7in \u00fccretsiz destek sa\u011flayaca\u011f\u0131z. \u00dccretsiz yaz\u0131l\u0131mda zaman zaman g\u00fcncellemeler yapaca\u011f\u0131z, l\u00fctfen yay\u0131nlanmas\u0131n\u0131 istedi\u011finiz yamalar\u0131 bize buradan g\u00f6nderin: https:\/\/github.com\/orgs\/xibodevelopment\/<\/p>\n","protected":false},"featured_media":13266,"comment_status":"open","ping_status":"closed","template":"","meta":[],"product_brand":[],"product_cat":[1413],"product_tag":[1652,1917,1650,1916,1918],"class_list":{"0":"post-13865","1":"product","2":"type-product","3":"status-publish","4":"has-post-thumbnail","6":"product_cat-eklentiler","7":"product_tag-veritabani","8":"product_tag-yedekle","9":"product_tag-yedekleme","10":"product_tag-yedeklemeler","11":"product_tag-zip-tr","13":"first","14":"instock","15":"downloadable","16":"virtual","17":"product-type-simple"},"_links":{"self":[{"href":"https:\/\/hexexist.com\/tr\/wp-json\/wp\/v2\/product\/13865","targetHints":{"allow":["GET"]}}],"collection":[{"href":"https:\/\/hexexist.com\/tr\/wp-json\/wp\/v2\/product"}],"about":[{"href":"https:\/\/hexexist.com\/tr\/wp-json\/wp\/v2\/types\/product"}],"replies":[{"embeddable":true,"href":"https:\/\/hexexist.com\/tr\/wp-json\/wp\/v2\/comments?post=13865"}],"wp:featuredmedia":[{"embeddable":true,"href":"https:\/\/hexexist.com\/tr\/wp-json\/wp\/v2\/media\/13266"}],"wp:attachment":[{"href":"https:\/\/hexexist.com\/tr\/wp-json\/wp\/v2\/media?parent=13865"}],"wp:term":[{"taxonomy":"product_brand","embeddable":true,"href":"https:\/\/hexexist.com\/tr\/wp-json\/wp\/v2\/product_brand?post=13865"},{"taxonomy":"product_cat","embeddable":true,"href":"https:\/\/hexexist.com\/tr\/wp-json\/wp\/v2\/product_cat?post=13865"},{"taxonomy":"product_tag","embeddable":true,"href":"https:\/\/hexexist.com\/tr\/wp-json\/wp\/v2\/product_tag?post=13865"}],"curies":[{"name":"wp","href":"https:\/\/api.w.org\/{rel}","templated":true}]}}