{"id":13866,"date":"2025-10-09T09:50:38","date_gmt":"2025-10-09T09:50:38","guid":{"rendered":"http:\/\/hexexist.com\/product\/klaviyo\/"},"modified":"2025-10-09T09:50:38","modified_gmt":"2025-10-09T09:50:38","slug":"klaviyo","status":"publish","type":"product","link":"https:\/\/hexexist.com\/tr\/urun\/klaviyo\/","title":{"rendered":"Klaviyo"},"content":{"rendered":"<p>Ki\u015fiselle\u015ftirilmi\u015f e-posta ve SMS ile daha h\u0131zl\u0131 ve daha verimli b\u00fcy\u00fcy\u00fcn. Kendi m\u00fc\u015fteri verilerinizden g\u00fc\u00e7 al\u0131r. <\/p>\n<p>13.000&#8217;den fazla WooCommerce markas\u0131, daha ak\u0131ll\u0131 dijital ili\u015fkileri g\u00fc\u00e7lendirmek i\u00e7in Klaviyo&#8217;yu kullan\u0131yor. Klaviyo, en ba\u015far\u0131l\u0131 markalar\u0131m\u0131z i\u00e7in 46 kat yat\u0131r\u0131m getirisi sa\u011flamak \u00fczere e-posta, SMS, mobil push, \u00fccretli reklamlar ve web kanallar\u0131nda daha fazla gelir ve ya\u015fam boyu de\u011fer sa\u011flamak i\u00e7in 300&#8217;den fazla entegrasyondaki verilerin kilidini a\u00e7ar.   <\/p>\n","protected":false},"excerpt":{"rendered":"<p>Ki\u015fiselle\u015ftirilmi\u015f e-posta ve SMS ile daha h\u0131zl\u0131 ve daha verimli b\u00fcy\u00fcy\u00fcn. Kendi m\u00fc\u015fteri verilerinizden g\u00fc\u00e7 al\u0131r. 13.000&#8217;den fazla WooCommerce markas\u0131, daha ak\u0131ll\u0131 dijital ili\u015fkileri g\u00fc\u00e7lendirmek i\u00e7in Klaviyo&#8217;yu kullan\u0131yor. Klaviyo, en ba\u015far\u0131l\u0131 markalar\u0131m\u0131z i\u00e7in 46 kat yat\u0131r\u0131m getirisi sa\u011flamak \u00fczere e-posta, SMS, mobil push, \u00fccretli reklamlar ve web kanallar\u0131nda daha fazla gelir ve ya\u015fam boyu de\u011fer [&hellip;]<\/p>\n","protected":false},"featured_media":13272,"comment_status":"open","ping_status":"closed","template":"","meta":[],"product_brand":[],"product_cat":[1413],"product_tag":[1550,1605,1919,1645,1459],"class_list":{"0":"post-13866","1":"product","2":"type-product","3":"status-publish","4":"has-post-thumbnail","6":"product_cat-eklentiler","7":"product_tag-analitik","8":"product_tag-e-posta","9":"product_tag-klaviyo-tr","10":"product_tag-pazarlama","11":"product_tag-woocommerce-tr","13":"first","14":"instock","15":"downloadable","16":"virtual","17":"product-type-simple"},"_links":{"self":[{"href":"https:\/\/hexexist.com\/tr\/wp-json\/wp\/v2\/product\/13866","targetHints":{"allow":["GET"]}}],"collection":[{"href":"https:\/\/hexexist.com\/tr\/wp-json\/wp\/v2\/product"}],"about":[{"href":"https:\/\/hexexist.com\/tr\/wp-json\/wp\/v2\/types\/product"}],"replies":[{"embeddable":true,"href":"https:\/\/hexexist.com\/tr\/wp-json\/wp\/v2\/comments?post=13866"}],"wp:featuredmedia":[{"embeddable":true,"href":"https:\/\/hexexist.com\/tr\/wp-json\/wp\/v2\/media\/13272"}],"wp:attachment":[{"href":"https:\/\/hexexist.com\/tr\/wp-json\/wp\/v2\/media?parent=13866"}],"wp:term":[{"taxonomy":"product_brand","embeddable":true,"href":"https:\/\/hexexist.com\/tr\/wp-json\/wp\/v2\/product_brand?post=13866"},{"taxonomy":"product_cat","embeddable":true,"href":"https:\/\/hexexist.com\/tr\/wp-json\/wp\/v2\/product_cat?post=13866"},{"taxonomy":"product_tag","embeddable":true,"href":"https:\/\/hexexist.com\/tr\/wp-json\/wp\/v2\/product_tag?post=13866"}],"curies":[{"name":"wp","href":"https:\/\/api.w.org\/{rel}","templated":true}]}}