{"id":13867,"date":"2025-10-09T09:50:37","date_gmt":"2025-10-09T09:50:37","guid":{"rendered":"http:\/\/hexexist.com\/product\/phlox-temasi-icin-kisa-kodlar-ve-ekstra-ozellikler\/"},"modified":"2025-10-09T09:50:37","modified_gmt":"2025-10-09T09:50:37","slug":"phlox-temasi-icin-kisa-kodlar-ve-ekstra-ozellikler","status":"publish","type":"product","link":"https:\/\/hexexist.com\/tr\/urun\/phlox-temasi-icin-kisa-kodlar-ve-ekstra-ozellikler\/","title":{"rendered":"Phlox temas\u0131 i\u00e7in k\u0131sa kodlar ve ekstra \u00f6zellikler"},"content":{"rendered":"<p>Bu eklenti, Phlox temas\u0131na tek t\u0131klamayla demo i\u00e7e aktar\u0131c\u0131, eklenti y\u00f6neticisi, yeni k\u0131sa kodlar, widget&#8217;lar, sayfa olu\u015fturucu \u00f6\u011feleri ve bu teman\u0131n i\u015flevselli\u011fini geni\u015fletmek i\u00e7in ekstra tema se\u00e7enekleri gibi bir\u00e7ok premium i\u015flev ekler.<\/p>\n","protected":false},"excerpt":{"rendered":"<p>Bu eklenti, Phlox temas\u0131na tek t\u0131klamayla demo i\u00e7e aktar\u0131c\u0131, eklenti y\u00f6neticisi, yeni k\u0131sa kodlar, widget&#8217;lar, sayfa olu\u015fturucu \u00f6\u011feleri ve bu teman\u0131n i\u015flevselli\u011fini geni\u015fletmek i\u00e7in ekstra tema se\u00e7enekleri gibi bir\u00e7ok premium i\u015flev ekler.<\/p>\n","protected":false},"featured_media":13265,"comment_status":"open","ping_status":"closed","template":"","meta":[],"product_brand":[],"product_cat":[1413],"product_tag":[1920,1532,1922,1921],"class_list":{"0":"post-13867","1":"product","2":"type-product","3":"status-publish","4":"has-post-thumbnail","6":"product_cat-eklentiler","7":"product_tag-averta-tr","8":"product_tag-elementor-tr","9":"product_tag-floksa","10":"product_tag-fullwidth-tr","12":"first","13":"instock","14":"downloadable","15":"virtual","16":"product-type-simple"},"_links":{"self":[{"href":"https:\/\/hexexist.com\/tr\/wp-json\/wp\/v2\/product\/13867","targetHints":{"allow":["GET"]}}],"collection":[{"href":"https:\/\/hexexist.com\/tr\/wp-json\/wp\/v2\/product"}],"about":[{"href":"https:\/\/hexexist.com\/tr\/wp-json\/wp\/v2\/types\/product"}],"replies":[{"embeddable":true,"href":"https:\/\/hexexist.com\/tr\/wp-json\/wp\/v2\/comments?post=13867"}],"wp:featuredmedia":[{"embeddable":true,"href":"https:\/\/hexexist.com\/tr\/wp-json\/wp\/v2\/media\/13265"}],"wp:attachment":[{"href":"https:\/\/hexexist.com\/tr\/wp-json\/wp\/v2\/media?parent=13867"}],"wp:term":[{"taxonomy":"product_brand","embeddable":true,"href":"https:\/\/hexexist.com\/tr\/wp-json\/wp\/v2\/product_brand?post=13867"},{"taxonomy":"product_cat","embeddable":true,"href":"https:\/\/hexexist.com\/tr\/wp-json\/wp\/v2\/product_cat?post=13867"},{"taxonomy":"product_tag","embeddable":true,"href":"https:\/\/hexexist.com\/tr\/wp-json\/wp\/v2\/product_tag?post=13867"}],"curies":[{"name":"wp","href":"https:\/\/api.w.org\/{rel}","templated":true}]}}