{"id":13868,"date":"2025-10-09T09:50:38","date_gmt":"2025-10-09T09:50:38","guid":{"rendered":"http:\/\/hexexist.com\/product\/kadence-woocommerce-e-posta-tasarimcisi\/"},"modified":"2025-10-09T09:50:38","modified_gmt":"2025-10-09T09:50:38","slug":"kadence-woocommerce-e-posta-tasarimcisi","status":"publish","type":"product","link":"https:\/\/hexexist.com\/tr\/urun\/kadence-woocommerce-e-posta-tasarimcisi\/","title":{"rendered":"Kadence WooCommerce E-posta Tasar\u0131mc\u0131s\u0131"},"content":{"rendered":"<p>Bu eklenti, varsay\u0131lan i\u015flemsel WooCommerce e-posta \u015fablonlar\u0131n\u0131 kolayca \u00f6zelle\u015ftirmenizi sa\u011flar. An\u0131nda g\u00f6rsel d\u00fczenlemeler i\u00e7in yerel WordPress \u00f6zelle\u015ftiricisini kullanarak tasar\u0131m\u0131 d\u00fczenleyin. Kodu d\u00fczenlemeden WooCommerce&#8217;deki metni (g\u00f6vde metni dahil) veya her e-posta \u015fablonunu \u00f6zelle\u015ftirin.  <\/p>\n","protected":false},"excerpt":{"rendered":"<p>Bu eklenti, varsay\u0131lan i\u015flemsel WooCommerce e-posta \u015fablonlar\u0131n\u0131 kolayca \u00f6zelle\u015ftirmenizi sa\u011flar. An\u0131nda g\u00f6rsel d\u00fczenlemeler i\u00e7in yerel WordPress \u00f6zelle\u015ftiricisini kullanarak tasar\u0131m\u0131 d\u00fczenleyin. Kodu d\u00fczenlemeden WooCommerce&#8217;deki metni (g\u00f6vde metni dahil) veya her e-posta \u015fablonunu \u00f6zelle\u015ftirin.<\/p>\n","protected":false},"featured_media":13271,"comment_status":"open","ping_status":"closed","template":"","meta":[],"product_brand":[],"product_cat":[1413],"product_tag":[1605,1924,1923,1663,1459],"class_list":{"0":"post-13868","1":"product","2":"type-product","3":"status-publish","4":"has-post-thumbnail","6":"product_cat-eklentiler","7":"product_tag-e-posta","8":"product_tag-e-posta-sablonlari","9":"product_tag-e-posta-sablonu","10":"product_tag-posta","11":"product_tag-woocommerce-tr","13":"first","14":"instock","15":"downloadable","16":"virtual","17":"product-type-simple"},"_links":{"self":[{"href":"https:\/\/hexexist.com\/tr\/wp-json\/wp\/v2\/product\/13868","targetHints":{"allow":["GET"]}}],"collection":[{"href":"https:\/\/hexexist.com\/tr\/wp-json\/wp\/v2\/product"}],"about":[{"href":"https:\/\/hexexist.com\/tr\/wp-json\/wp\/v2\/types\/product"}],"replies":[{"embeddable":true,"href":"https:\/\/hexexist.com\/tr\/wp-json\/wp\/v2\/comments?post=13868"}],"wp:featuredmedia":[{"embeddable":true,"href":"https:\/\/hexexist.com\/tr\/wp-json\/wp\/v2\/media\/13271"}],"wp:attachment":[{"href":"https:\/\/hexexist.com\/tr\/wp-json\/wp\/v2\/media?parent=13868"}],"wp:term":[{"taxonomy":"product_brand","embeddable":true,"href":"https:\/\/hexexist.com\/tr\/wp-json\/wp\/v2\/product_brand?post=13868"},{"taxonomy":"product_cat","embeddable":true,"href":"https:\/\/hexexist.com\/tr\/wp-json\/wp\/v2\/product_cat?post=13868"},{"taxonomy":"product_tag","embeddable":true,"href":"https:\/\/hexexist.com\/tr\/wp-json\/wp\/v2\/product_tag?post=13868"}],"curies":[{"name":"wp","href":"https:\/\/api.w.org\/{rel}","templated":true}]}}