{"id":13869,"date":"2025-10-09T09:50:37","date_gmt":"2025-10-09T09:50:37","guid":{"rendered":"http:\/\/hexexist.com\/product\/toplu-guncelleyici-ile-dosya-adindan-otomatik-goruntu-oznitelikleri-goruntu-seosu-icin-alt-metin-goruntu-basligi-ekleyin\/"},"modified":"2025-10-09T09:50:37","modified_gmt":"2025-10-09T09:50:37","slug":"toplu-guncelleyici-ile-dosya-adindan-otomatik-goruntu-oznitelikleri-goruntu-seosu-icin-alt-metin-goruntu-basligi-ekleyin","status":"publish","type":"product","link":"https:\/\/hexexist.com\/tr\/urun\/toplu-guncelleyici-ile-dosya-adindan-otomatik-goruntu-oznitelikleri-goruntu-seosu-icin-alt-metin-goruntu-basligi-ekleyin\/","title":{"rendered":"Toplu G\u00fcncelleyici ile Dosya Ad\u0131ndan Otomatik G\u00f6r\u00fcnt\u00fc \u00d6znitelikleri (G\u00f6r\u00fcnt\u00fc SEO&#8217;su i\u00e7in Alt Metin, G\u00f6r\u00fcnt\u00fc Ba\u015fl\u0131\u011f\u0131 Ekleyin)"},"content":{"rendered":"<p>Resim Dosya Ad\u0131ndan Resim Alt Metni, Resim Ba\u015fl\u0131\u011f\u0131, Resim Yaz\u0131s\u0131 ve Resim A\u00e7\u0131klamas\u0131 gibi Resim \u00f6zniteliklerini otomatik olarak ekleyin.<\/p>\n","protected":false},"excerpt":{"rendered":"<p>Resim Dosya Ad\u0131ndan Resim Alt Metni, Resim Ba\u015fl\u0131\u011f\u0131, Resim Yaz\u0131s\u0131 ve Resim A\u00e7\u0131klamas\u0131 gibi Resim \u00f6zniteliklerini otomatik olarak ekleyin.<\/p>\n","protected":false},"featured_media":13264,"comment_status":"open","ping_status":"closed","template":"","meta":[],"product_brand":[],"product_cat":[1413],"product_tag":[1925,1622,1926,1927],"class_list":{"0":"post-13869","1":"product","2":"type-product","3":"status-publish","4":"has-post-thumbnail","6":"product_cat-eklentiler","7":"product_tag-alt-metin","8":"product_tag-erisilebilirlik","9":"product_tag-goruntu-seo","10":"product_tag-resim-basligi","12":"first","13":"instock","14":"downloadable","15":"virtual","16":"product-type-simple"},"_links":{"self":[{"href":"https:\/\/hexexist.com\/tr\/wp-json\/wp\/v2\/product\/13869","targetHints":{"allow":["GET"]}}],"collection":[{"href":"https:\/\/hexexist.com\/tr\/wp-json\/wp\/v2\/product"}],"about":[{"href":"https:\/\/hexexist.com\/tr\/wp-json\/wp\/v2\/types\/product"}],"replies":[{"embeddable":true,"href":"https:\/\/hexexist.com\/tr\/wp-json\/wp\/v2\/comments?post=13869"}],"wp:featuredmedia":[{"embeddable":true,"href":"https:\/\/hexexist.com\/tr\/wp-json\/wp\/v2\/media\/13264"}],"wp:attachment":[{"href":"https:\/\/hexexist.com\/tr\/wp-json\/wp\/v2\/media?parent=13869"}],"wp:term":[{"taxonomy":"product_brand","embeddable":true,"href":"https:\/\/hexexist.com\/tr\/wp-json\/wp\/v2\/product_brand?post=13869"},{"taxonomy":"product_cat","embeddable":true,"href":"https:\/\/hexexist.com\/tr\/wp-json\/wp\/v2\/product_cat?post=13869"},{"taxonomy":"product_tag","embeddable":true,"href":"https:\/\/hexexist.com\/tr\/wp-json\/wp\/v2\/product_tag?post=13869"}],"curies":[{"name":"wp","href":"https:\/\/api.w.org\/{rel}","templated":true}]}}