{"id":13872,"date":"2025-10-09T09:50:39","date_gmt":"2025-10-09T09:50:39","guid":{"rendered":"http:\/\/hexexist.com\/product\/bir-kullanici-avatari-kullanici-profil-resmi\/"},"modified":"2025-10-09T09:50:39","modified_gmt":"2025-10-09T09:50:39","slug":"bir-kullanici-avatari-kullanici-profil-resmi","status":"publish","type":"product","link":"https:\/\/hexexist.com\/tr\/urun\/bir-kullanici-avatari-kullanici-profil-resmi\/","title":{"rendered":"Bir Kullan\u0131c\u0131 Avatar\u0131 | Kullan\u0131c\u0131 Profil Resmi"},"content":{"rendered":"<p>WordPress \u015fu anda yaln\u0131zca Gravatar arac\u0131l\u0131\u011f\u0131yla y\u00fcklenen \u00f6zel avatarlar\u0131 kullanman\u0131za izin vermektedir. Tek Kullan\u0131c\u0131 Avatar\u0131, Medya Kitapl\u0131\u011f\u0131n\u0131za y\u00fcklenen herhangi bir foto\u011fraf\u0131 avatar olarak kullanman\u0131za olanak tan\u0131r. Bu, yaz\u0131lar\u0131n\u0131zla ayn\u0131 y\u00fckleyiciyi ve kitapl\u0131\u011f\u0131 kulland\u0131\u011f\u0131n\u0131z anlam\u0131na gelir. Ekstra klas\u00f6rlere veya resim d\u00fczenleme i\u015flevlerine gerek yoktur. Bu eklenti WP User Avatar v2.2.16&#8217;n\u0131n bir \u00e7atal\u0131d\u0131r.    <\/p>\n","protected":false},"excerpt":{"rendered":"<p>WordPress \u015fu anda yaln\u0131zca Gravatar arac\u0131l\u0131\u011f\u0131yla y\u00fcklenen \u00f6zel avatarlar\u0131 kullanman\u0131za izin vermektedir. Tek Kullan\u0131c\u0131 Avatar\u0131, Medya Kitapl\u0131\u011f\u0131n\u0131za y\u00fcklenen herhangi bir foto\u011fraf\u0131 avatar olarak kullanman\u0131za olanak tan\u0131r. Bu, yaz\u0131lar\u0131n\u0131zla ayn\u0131 y\u00fckleyiciyi ve kitapl\u0131\u011f\u0131 kulland\u0131\u011f\u0131n\u0131z anlam\u0131na gelir. Ekstra klas\u00f6rlere veya resim d\u00fczenleme i\u015flevlerine gerek yoktur. Bu eklenti WP User Avatar v2.2.16&#8217;n\u0131n bir \u00e7atal\u0131d\u0131r.<\/p>\n","protected":false},"featured_media":13275,"comment_status":"open","ping_status":"closed","template":"","meta":[],"product_brand":[],"product_cat":[1413],"product_tag":[1933,1935,1932,1939,1937],"class_list":{"0":"post-13872","1":"product","2":"type-product","3":"status-publish","4":"has-post-thumbnail","6":"product_cat-eklentiler","7":"product_tag-avatar-tr","8":"product_tag-gravatar-tr","9":"product_tag-kullanici-profili","10":"product_tag-yazar-fotograf","11":"product_tag-yazar-imaj","13":"first","14":"instock","15":"downloadable","16":"virtual","17":"product-type-simple"},"_links":{"self":[{"href":"https:\/\/hexexist.com\/tr\/wp-json\/wp\/v2\/product\/13872","targetHints":{"allow":["GET"]}}],"collection":[{"href":"https:\/\/hexexist.com\/tr\/wp-json\/wp\/v2\/product"}],"about":[{"href":"https:\/\/hexexist.com\/tr\/wp-json\/wp\/v2\/types\/product"}],"replies":[{"embeddable":true,"href":"https:\/\/hexexist.com\/tr\/wp-json\/wp\/v2\/comments?post=13872"}],"wp:featuredmedia":[{"embeddable":true,"href":"https:\/\/hexexist.com\/tr\/wp-json\/wp\/v2\/media\/13275"}],"wp:attachment":[{"href":"https:\/\/hexexist.com\/tr\/wp-json\/wp\/v2\/media?parent=13872"}],"wp:term":[{"taxonomy":"product_brand","embeddable":true,"href":"https:\/\/hexexist.com\/tr\/wp-json\/wp\/v2\/product_brand?post=13872"},{"taxonomy":"product_cat","embeddable":true,"href":"https:\/\/hexexist.com\/tr\/wp-json\/wp\/v2\/product_cat?post=13872"},{"taxonomy":"product_tag","embeddable":true,"href":"https:\/\/hexexist.com\/tr\/wp-json\/wp\/v2\/product_tag?post=13872"}],"curies":[{"name":"wp","href":"https:\/\/api.w.org\/{rel}","templated":true}]}}