{"id":13873,"date":"2025-10-09T09:50:40","date_gmt":"2025-10-09T09:50:40","guid":{"rendered":"http:\/\/hexexist.com\/product\/wpzoomdan-sosyal-simgeler-ve-paylasim-dugmeleri\/"},"modified":"2025-10-09T09:50:40","modified_gmt":"2025-10-09T09:50:40","slug":"wpzoomdan-sosyal-simgeler-ve-paylasim-dugmeleri","status":"publish","type":"product","link":"https:\/\/hexexist.com\/tr\/urun\/wpzoomdan-sosyal-simgeler-ve-paylasim-dugmeleri\/","title":{"rendered":"WPZOOM&#8217;dan Sosyal Simgeler ve Payla\u015f\u0131m D\u00fc\u011fmeleri"},"content":{"rendered":"<p>\u2b50\ufe0f Sosyal Simgeler Widget PRO \u015e\u0130MD\u0130 MEVCUT! \u2b50\ufe0f <\/p>\n","protected":false},"excerpt":{"rendered":"<p>\u2b50\ufe0f Sosyal Simgeler Widget PRO \u015e\u0130MD\u0130 MEVCUT! \u2b50\ufe0f<\/p>\n","protected":false},"featured_media":13278,"comment_status":"open","ping_status":"closed","template":"","meta":[],"product_brand":[],"product_cat":[1413],"product_tag":[1934,1882,1938,1647,1936],"class_list":{"0":"post-13873","1":"product","2":"type-product","3":"status-publish","4":"has-post-thumbnail","6":"product_cat-eklentiler","7":"product_tag-paylas-butonlari","8":"product_tag-sosyal-medya","9":"product_tag-sosyal-medya-butonlari","10":"product_tag-sosyal-paylasim","11":"product_tag-sosyal-simgeler","13":"first","14":"instock","15":"downloadable","16":"virtual","17":"product-type-simple"},"_links":{"self":[{"href":"https:\/\/hexexist.com\/tr\/wp-json\/wp\/v2\/product\/13873","targetHints":{"allow":["GET"]}}],"collection":[{"href":"https:\/\/hexexist.com\/tr\/wp-json\/wp\/v2\/product"}],"about":[{"href":"https:\/\/hexexist.com\/tr\/wp-json\/wp\/v2\/types\/product"}],"replies":[{"embeddable":true,"href":"https:\/\/hexexist.com\/tr\/wp-json\/wp\/v2\/comments?post=13873"}],"wp:featuredmedia":[{"embeddable":true,"href":"https:\/\/hexexist.com\/tr\/wp-json\/wp\/v2\/media\/13278"}],"wp:attachment":[{"href":"https:\/\/hexexist.com\/tr\/wp-json\/wp\/v2\/media?parent=13873"}],"wp:term":[{"taxonomy":"product_brand","embeddable":true,"href":"https:\/\/hexexist.com\/tr\/wp-json\/wp\/v2\/product_brand?post=13873"},{"taxonomy":"product_cat","embeddable":true,"href":"https:\/\/hexexist.com\/tr\/wp-json\/wp\/v2\/product_cat?post=13873"},{"taxonomy":"product_tag","embeddable":true,"href":"https:\/\/hexexist.com\/tr\/wp-json\/wp\/v2\/product_tag?post=13873"}],"curies":[{"name":"wp","href":"https:\/\/api.w.org\/{rel}","templated":true}]}}