{"id":13874,"date":"2025-10-09T09:50:40","date_gmt":"2025-10-09T09:50:40","guid":{"rendered":"http:\/\/hexexist.com\/product\/wp-hizlandirilmis-mobil-sayfalar-icin-amp\/"},"modified":"2025-10-09T09:50:40","modified_gmt":"2025-10-09T09:50:40","slug":"wp-hizlandirilmis-mobil-sayfalar-icin-amp","status":"publish","type":"product","link":"https:\/\/hexexist.com\/tr\/urun\/wp-hizlandirilmis-mobil-sayfalar-icin-amp\/","title":{"rendered":"WP H\u0131zland\u0131r\u0131lm\u0131\u015f Mobil Sayfalar i\u00e7in AMP"},"content":{"rendered":"<p>AMP for WP, WordPress sitenize otomatik olarak H\u0131zland\u0131r\u0131lm\u0131\u015f Mobil Sayfalar (Google AMP Projesi) i\u015flevselli\u011fini ekler. AMP, web sitenizi Mobil ziyaret\u00e7iler i\u00e7in daha h\u0131zl\u0131 hale getirir. <\/p>\n","protected":false},"excerpt":{"rendered":"<p>AMP for WP, WordPress sitenize otomatik olarak H\u0131zland\u0131r\u0131lm\u0131\u015f Mobil Sayfalar (Google AMP Projesi) i\u015flevselli\u011fini ekler. AMP, web sitenizi Mobil ziyaret\u00e7iler i\u00e7in daha h\u0131zl\u0131 hale getirir.<\/p>\n","protected":false},"featured_media":13282,"comment_status":"open","ping_status":"closed","template":"","meta":[],"product_brand":[],"product_cat":[1413],"product_tag":[1503,1941,1940,1531,1583],"class_list":{"0":"post-13874","1":"product","2":"type-product","3":"status-publish","4":"has-post-thumbnail","6":"product_cat-eklentiler","7":"product_tag-amp-tr","8":"product_tag-google-amp-tr","9":"product_tag-hizlandirilmis-mobil-sayfalar","10":"product_tag-mobil","11":"product_tag-seo-tr","13":"first","14":"instock","15":"downloadable","16":"virtual","17":"product-type-simple"},"_links":{"self":[{"href":"https:\/\/hexexist.com\/tr\/wp-json\/wp\/v2\/product\/13874","targetHints":{"allow":["GET"]}}],"collection":[{"href":"https:\/\/hexexist.com\/tr\/wp-json\/wp\/v2\/product"}],"about":[{"href":"https:\/\/hexexist.com\/tr\/wp-json\/wp\/v2\/types\/product"}],"replies":[{"embeddable":true,"href":"https:\/\/hexexist.com\/tr\/wp-json\/wp\/v2\/comments?post=13874"}],"wp:featuredmedia":[{"embeddable":true,"href":"https:\/\/hexexist.com\/tr\/wp-json\/wp\/v2\/media\/13282"}],"wp:attachment":[{"href":"https:\/\/hexexist.com\/tr\/wp-json\/wp\/v2\/media?parent=13874"}],"wp:term":[{"taxonomy":"product_brand","embeddable":true,"href":"https:\/\/hexexist.com\/tr\/wp-json\/wp\/v2\/product_brand?post=13874"},{"taxonomy":"product_cat","embeddable":true,"href":"https:\/\/hexexist.com\/tr\/wp-json\/wp\/v2\/product_cat?post=13874"},{"taxonomy":"product_tag","embeddable":true,"href":"https:\/\/hexexist.com\/tr\/wp-json\/wp\/v2\/product_tag?post=13874"}],"curies":[{"name":"wp","href":"https:\/\/api.w.org\/{rel}","templated":true}]}}