{"id":13875,"date":"2025-10-09T09:50:40","date_gmt":"2025-10-09T09:50:40","guid":{"rendered":"http:\/\/hexexist.com\/product\/lazyload-eklentisi-goruntuleri-videolari-ve-iframeleri-tembel-yukle\/"},"modified":"2025-10-09T09:50:40","modified_gmt":"2025-10-09T09:50:40","slug":"lazyload-eklentisi-goruntuleri-videolari-ve-iframeleri-tembel-yukle","status":"publish","type":"product","link":"https:\/\/hexexist.com\/tr\/urun\/lazyload-eklentisi-goruntuleri-videolari-ve-iframeleri-tembel-yukle\/","title":{"rendered":"LazyLoad Eklentisi G\u00f6r\u00fcnt\u00fcleri, Videolar\u0131 ve Iframe&#8217;leri Tembel Y\u00fckle"},"content":{"rendered":"<p>LazyLoad, WordPress&#8217;te g\u00f6r\u00fcnt\u00fcleri, videolar\u0131 ve iframe&#8217;leri tembel y\u00fcklemek i\u00e7in WordPress i\u00e7in en iyi \u00fccretsiz tembel y\u00fckleme eklentisidir. \u00d6zetle, LazyLoad bir sayfadaki resimleri, videolar\u0131 ve iframe&#8217;leri yaln\u0131zca kullan\u0131c\u0131 taraf\u0131ndan g\u00f6r\u00fclebildiklerinde g\u00f6r\u00fcnt\u00fcler, bu da WordPress sitenizi h\u0131zland\u0131rman\u0131n ve Google PageSpeed i\u00e7in resimleri optimize etmenin \u00e7ok \u00f6nemli bir yoludur. <\/p>\n","protected":false},"excerpt":{"rendered":"<p>LazyLoad, WordPress&#8217;te g\u00f6r\u00fcnt\u00fcleri, videolar\u0131 ve iframe&#8217;leri tembel y\u00fcklemek i\u00e7in WordPress i\u00e7in en iyi \u00fccretsiz tembel y\u00fckleme eklentisidir. \u00d6zetle, LazyLoad bir sayfadaki resimleri, videolar\u0131 ve iframe&#8217;leri yaln\u0131zca kullan\u0131c\u0131 taraf\u0131ndan g\u00f6r\u00fclebildiklerinde g\u00f6r\u00fcnt\u00fcler, bu da WordPress sitenizi h\u0131zland\u0131rman\u0131n ve Google PageSpeed i\u00e7in resimleri optimize etmenin \u00e7ok \u00f6nemli bir yoludur.<\/p>\n","protected":false},"featured_media":13277,"comment_status":"open","ping_status":"closed","template":"","meta":[],"product_brand":[],"product_cat":[1413],"product_tag":[1820,1837,1942],"class_list":{"0":"post-13875","1":"product","2":"type-product","3":"status-publish","4":"has-post-thumbnail","6":"product_cat-eklentiler","7":"product_tag-tembel-yuk","8":"product_tag-tembel-yukleme","9":"product_tag-tembel-yukleme-goruntuleri","11":"first","12":"instock","13":"downloadable","14":"virtual","15":"product-type-simple"},"_links":{"self":[{"href":"https:\/\/hexexist.com\/tr\/wp-json\/wp\/v2\/product\/13875","targetHints":{"allow":["GET"]}}],"collection":[{"href":"https:\/\/hexexist.com\/tr\/wp-json\/wp\/v2\/product"}],"about":[{"href":"https:\/\/hexexist.com\/tr\/wp-json\/wp\/v2\/types\/product"}],"replies":[{"embeddable":true,"href":"https:\/\/hexexist.com\/tr\/wp-json\/wp\/v2\/comments?post=13875"}],"wp:featuredmedia":[{"embeddable":true,"href":"https:\/\/hexexist.com\/tr\/wp-json\/wp\/v2\/media\/13277"}],"wp:attachment":[{"href":"https:\/\/hexexist.com\/tr\/wp-json\/wp\/v2\/media?parent=13875"}],"wp:term":[{"taxonomy":"product_brand","embeddable":true,"href":"https:\/\/hexexist.com\/tr\/wp-json\/wp\/v2\/product_brand?post=13875"},{"taxonomy":"product_cat","embeddable":true,"href":"https:\/\/hexexist.com\/tr\/wp-json\/wp\/v2\/product_cat?post=13875"},{"taxonomy":"product_tag","embeddable":true,"href":"https:\/\/hexexist.com\/tr\/wp-json\/wp\/v2\/product_tag?post=13875"}],"curies":[{"name":"wp","href":"https:\/\/api.w.org\/{rel}","templated":true}]}}