{"id":13876,"date":"2025-10-09T09:50:40","date_gmt":"2025-10-09T09:50:40","guid":{"rendered":"http:\/\/hexexist.com\/product\/herhangi-bir-wordpress-verisini-xml-csvye-aktarma\/"},"modified":"2025-10-09T09:50:40","modified_gmt":"2025-10-09T09:50:40","slug":"herhangi-bir-wordpress-verisini-xml-csvye-aktarma","status":"publish","type":"product","link":"https:\/\/hexexist.com\/tr\/urun\/herhangi-bir-wordpress-verisini-xml-csvye-aktarma\/","title":{"rendered":"Herhangi bir WordPress verisini XML\/CSV&#8217;ye aktarma"},"content":{"rendered":"<p>WP All Export, \u00fc\u00e7 ad\u0131ml\u0131 bir d\u0131\u015fa aktarma i\u015flemine ve karma\u015f\u0131k d\u0131\u015fa aktarma g\u00f6revlerini basit ve h\u0131zl\u0131 hale getiren sezgisel bir s\u00fcr\u00fckle ve b\u0131rak aray\u00fcz\u00fcne sahiptir.<\/p>\n","protected":false},"excerpt":{"rendered":"<p>WP All Export, \u00fc\u00e7 ad\u0131ml\u0131 bir d\u0131\u015fa aktarma i\u015flemine ve karma\u015f\u0131k d\u0131\u015fa aktarma g\u00f6revlerini basit ve h\u0131zl\u0131 hale getiren sezgisel bir s\u00fcr\u00fckle ve b\u0131rak aray\u00fcz\u00fcne sahiptir.<\/p>\n","protected":false},"featured_media":13281,"comment_status":"open","ping_status":"closed","template":"","meta":[],"product_brand":[],"product_cat":[1413],"product_tag":[1943,1694,1945,1947],"class_list":{"0":"post-13876","1":"product","2":"type-product","3":"status-publish","4":"has-post-thumbnail","6":"product_cat-eklentiler","7":"product_tag-goc-etmek","8":"product_tag-ihracat","9":"product_tag-woocommercei-disa-aktar","10":"product_tag-wordpress-csv-disa-aktarma","12":"first","13":"instock","14":"downloadable","15":"virtual","16":"product-type-simple"},"_links":{"self":[{"href":"https:\/\/hexexist.com\/tr\/wp-json\/wp\/v2\/product\/13876","targetHints":{"allow":["GET"]}}],"collection":[{"href":"https:\/\/hexexist.com\/tr\/wp-json\/wp\/v2\/product"}],"about":[{"href":"https:\/\/hexexist.com\/tr\/wp-json\/wp\/v2\/types\/product"}],"replies":[{"embeddable":true,"href":"https:\/\/hexexist.com\/tr\/wp-json\/wp\/v2\/comments?post=13876"}],"wp:featuredmedia":[{"embeddable":true,"href":"https:\/\/hexexist.com\/tr\/wp-json\/wp\/v2\/media\/13281"}],"wp:attachment":[{"href":"https:\/\/hexexist.com\/tr\/wp-json\/wp\/v2\/media?parent=13876"}],"wp:term":[{"taxonomy":"product_brand","embeddable":true,"href":"https:\/\/hexexist.com\/tr\/wp-json\/wp\/v2\/product_brand?post=13876"},{"taxonomy":"product_cat","embeddable":true,"href":"https:\/\/hexexist.com\/tr\/wp-json\/wp\/v2\/product_cat?post=13876"},{"taxonomy":"product_tag","embeddable":true,"href":"https:\/\/hexexist.com\/tr\/wp-json\/wp\/v2\/product_tag?post=13876"}],"curies":[{"name":"wp","href":"https:\/\/api.w.org\/{rel}","templated":true}]}}